{"id":4072,"date":"2021-08-10T20:03:02","date_gmt":"2021-08-10T20:03:02","guid":{"rendered":"http:\/\/www.afriquenouvellemusique.org\/site\/?page_id=4072"},"modified":"2026-04-04T13:23:23","modified_gmt":"2026-04-04T13:23:23","slug":"africa-new-music-francophone-diversity-in-motion","status":"publish","type":"page","link":"http:\/\/www.afriquenouvellemusique.org\/site\/","title":{"rendered":"Home"},"content":{"rendered":"\t\t<div data-elementor-type=\"wp-page\" data-elementor-id=\"4072\" class=\"elementor elementor-4072\">\n\t\t\t\t\t\t<section class=\"elementor-section elementor-top-section elementor-element elementor-element-a88faad animated-slow elementor-section-boxed elementor-section-height-default elementor-section-height-default elementor-invisible\" data-id=\"a88faad\" data-element_type=\"section\" data-e-type=\"section\" data-settings=\"{&quot;background_background&quot;:&quot;classic&quot;,&quot;animation&quot;:&quot;fadeIn&quot;}\">\n\t\t\t\t\t\t<div class=\"elementor-container elementor-column-gap-default\">\n\t\t\t\t\t<div class=\"elementor-column elementor-col-100 elementor-top-column elementor-element elementor-element-99e32d0\" data-id=\"99e32d0\" data-element_type=\"column\" data-e-type=\"column\">\n\t\t\t<div class=\"elementor-widget-wrap elementor-element-populated\">\n\t\t\t\t\t\t<div class=\"elementor-element elementor-element-28a6ffd animated-slow elementor-invisible elementor-widget elementor-widget-heading\" data-id=\"28a6ffd\" data-element_type=\"widget\" data-e-type=\"widget\" data-settings=\"{&quot;_animation&quot;:&quot;fadeInUp&quot;}\" data-widget_type=\"heading.default\">\n\t\t\t\t<div class=\"elementor-widget-container\">\n\t\t\t\t\t<h3 class=\"elementor-heading-title elementor-size-default\">Virtual Concert<\/h3>\t\t\t\t<\/div>\n\t\t\t\t<\/div>\n\t\t\t\t<div class=\"elementor-element elementor-element-a52f95e elementor-widget elementor-widget-heading\" data-id=\"a52f95e\" data-element_type=\"widget\" data-e-type=\"widget\" data-widget_type=\"heading.default\">\n\t\t\t\t<div class=\"elementor-widget-container\">\n\t\t\t\t\t<h2 class=\"elementor-heading-title elementor-size-default\"><a href=\"https:\/\/www.afriquenouvellemusique.org\/site\/eventscat\/dieufaite-charles-in-a-virtual-concert-lifted-feb-15-2026\/\">Diversit\u00e9 en Sc\u00e8ne 2025<\/a><\/h2>\t\t\t\t<\/div>\n\t\t\t\t<\/div>\n\t\t\t\t<div class=\"elementor-element elementor-element-1c1ceea elementor-widget elementor-widget-shortcode\" data-id=\"1c1ceea\" data-element_type=\"widget\" data-e-type=\"widget\" data-widget_type=\"shortcode.default\">\n\t\t\t\t<div class=\"elementor-widget-container\">\n\t\t\t\t\t\t\t<div class=\"elementor-shortcode\"><iframe  id=\"_ytid_67861\"  width=\"1170\" height=\"658\"  data-origwidth=\"1170\" data-origheight=\"658\" src=\"https:\/\/www.youtube.com\/embed\/pwtS9f84KBU?enablejsapi=1&autoplay=0&cc_load_policy=0&cc_lang_pref=&iv_load_policy=1&loop=0&rel=1&fs=1&playsinline=0&autohide=2&theme=dark&color=red&controls=1&disablekb=0&\" class=\"__youtube_prefs__  no-lazyload\" title=\"YouTube player\"  allow=\"fullscreen; accelerometer; autoplay; clipboard-write; encrypted-media; gyroscope; picture-in-picture; web-share\" referrerpolicy=\"strict-origin-when-cross-origin\" allowfullscreen data-no-lazy=\"1\" data-skipgform_ajax_framebjll=\"\"><\/iframe><\/div>\n\t\t\t\t\t\t<\/div>\n\t\t\t\t<\/div>\n\t\t\t\t\t<\/div>\n\t\t<\/div>\n\t\t\t\t\t<\/div>\n\t\t<\/section>\n\t\t\t\t<section class=\"elementor-section elementor-top-section elementor-element elementor-element-dde7962 animated-slow elementor-section-boxed elementor-section-height-default elementor-section-height-default\" data-id=\"dde7962\" data-element_type=\"section\" data-e-type=\"section\" data-settings=\"{&quot;background_background&quot;:&quot;classic&quot;,&quot;animation&quot;:&quot;none&quot;}\">\n\t\t\t\t\t\t<div class=\"elementor-container elementor-column-gap-default\">\n\t\t\t\t\t<div class=\"elementor-column elementor-col-100 elementor-top-column elementor-element elementor-element-9ad6384\" data-id=\"9ad6384\" data-element_type=\"column\" data-e-type=\"column\">\n\t\t\t<div class=\"elementor-widget-wrap elementor-element-populated\">\n\t\t\t\t\t\t<div class=\"elementor-element elementor-element-e91a24c animated-slow elementor-invisible elementor-widget elementor-widget-heading\" data-id=\"e91a24c\" data-element_type=\"widget\" data-e-type=\"widget\" data-settings=\"{&quot;_animation&quot;:&quot;fadeInUp&quot;}\" data-widget_type=\"heading.default\">\n\t\t\t\t<div class=\"elementor-widget-container\">\n\t\t\t\t\t<h3 class=\"elementor-heading-title elementor-size-default\">our sponsors<\/h3>\t\t\t\t<\/div>\n\t\t\t\t<\/div>\n\t\t\t\t<div class=\"elementor-element elementor-element-7bf4556 animated-slow elementor-invisible elementor-widget elementor-widget-heading\" data-id=\"7bf4556\" data-element_type=\"widget\" data-e-type=\"widget\" data-settings=\"{&quot;_animation&quot;:&quot;fadeInUp&quot;}\" data-widget_type=\"heading.default\">\n\t\t\t\t<div class=\"elementor-widget-container\">\n\t\t\t\t\t<h5 class=\"elementor-heading-title elementor-size-default\">Thank you!<\/h5>\t\t\t\t<\/div>\n\t\t\t\t<\/div>\n\t\t\t\t\t<\/div>\n\t\t<\/div>\n\t\t\t\t\t<\/div>\n\t\t<\/section>\n\t\t\t\t<section class=\"elementor-section elementor-top-section elementor-element elementor-element-afafd9e elementor-section-stretched elementor-section-height-min-height animated-slow elementor-section-content-middle elementor-section-boxed elementor-section-height-default elementor-section-items-middle\" data-id=\"afafd9e\" data-element_type=\"section\" data-e-type=\"section\" data-settings=\"{&quot;stretch_section&quot;:&quot;section-stretched&quot;,&quot;background_background&quot;:&quot;classic&quot;,&quot;animation&quot;:&quot;none&quot;}\">\n\t\t\t\t\t\t<div class=\"elementor-container elementor-column-gap-narrow\">\n\t\t\t\t\t<div class=\"elementor-column elementor-col-33 elementor-top-column elementor-element elementor-element-f9c40c7 animated-slow elementor-invisible\" data-id=\"f9c40c7\" data-element_type=\"column\" data-e-type=\"column\" data-settings=\"{&quot;animation&quot;:&quot;fadeInUp&quot;}\">\n\t\t\t<div class=\"elementor-widget-wrap elementor-element-populated\">\n\t\t\t\t\t\t<div class=\"elementor-element elementor-element-76e9c5e animated-slow elementor-invisible elementor-widget elementor-widget-image\" data-id=\"76e9c5e\" data-element_type=\"widget\" data-e-type=\"widget\" data-settings=\"{&quot;_animation&quot;:&quot;fadeInUp&quot;}\" data-widget_type=\"image.default\">\n\t\t\t\t<div class=\"elementor-widget-container\">\n\t\t\t\t\t\t\t\t\t\t\t\t\t\t\t<img fetchpriority=\"high\" decoding=\"async\" width=\"500\" height=\"127\" src=\"http:\/\/www.afriquenouvellemusique.org\/site\/wp-content\/uploads\/2020\/06\/oac.png\" class=\"attachment-full size-full wp-image-2927\" alt=\"afrique nouvelle musique africa new music toronto canada art arts african congo congolese arthur tongo thomas tumbu festival bana y&#039;afrique ontario arts council\" srcset=\"http:\/\/www.afriquenouvellemusique.org\/site\/wp-content\/uploads\/2020\/06\/oac.png 500w, http:\/\/www.afriquenouvellemusique.org\/site\/wp-content\/uploads\/2020\/06\/oac-300x76.png 300w, http:\/\/www.afriquenouvellemusique.org\/site\/wp-content\/uploads\/2020\/06\/oac-230x58.png 230w, http:\/\/www.afriquenouvellemusique.org\/site\/wp-content\/uploads\/2020\/06\/oac-350x89.png 350w, http:\/\/www.afriquenouvellemusique.org\/site\/wp-content\/uploads\/2020\/06\/oac-480x122.png 480w\" sizes=\"(max-width: 500px) 100vw, 500px\" \/>\t\t\t\t\t\t\t\t\t\t\t\t\t\t\t<\/div>\n\t\t\t\t<\/div>\n\t\t\t\t\t<\/div>\n\t\t<\/div>\n\t\t\t\t<div class=\"elementor-column elementor-col-33 elementor-top-column elementor-element elementor-element-3bf0f70 animated-slow elementor-invisible\" data-id=\"3bf0f70\" data-element_type=\"column\" data-e-type=\"column\" data-settings=\"{&quot;animation&quot;:&quot;fadeInUp&quot;}\">\n\t\t\t<div class=\"elementor-widget-wrap elementor-element-populated\">\n\t\t\t\t\t\t<div class=\"elementor-element elementor-element-2ea79dc animated-slow elementor-invisible elementor-widget elementor-widget-image\" data-id=\"2ea79dc\" data-element_type=\"widget\" data-e-type=\"widget\" data-settings=\"{&quot;_animation&quot;:&quot;fadeInUp&quot;}\" data-widget_type=\"image.default\">\n\t\t\t\t<div class=\"elementor-widget-container\">\n\t\t\t\t\t\t\t\t\t\t\t\t\t\t\t<img decoding=\"async\" width=\"488\" height=\"127\" src=\"http:\/\/www.afriquenouvellemusique.org\/site\/wp-content\/uploads\/2024\/04\/logo-on.png\" class=\"attachment-full size-full wp-image-5025\" alt=\"afrique nouvelle musique africa new music toronto canada art arts african congo congolese arthur tongo thomas tumbu festival bana y&#039;afrique ontario arts council\" srcset=\"http:\/\/www.afriquenouvellemusique.org\/site\/wp-content\/uploads\/2024\/04\/logo-on.png 488w, http:\/\/www.afriquenouvellemusique.org\/site\/wp-content\/uploads\/2024\/04\/logo-on-300x78.png 300w, http:\/\/www.afriquenouvellemusique.org\/site\/wp-content\/uploads\/2024\/04\/logo-on-230x60.png 230w, http:\/\/www.afriquenouvellemusique.org\/site\/wp-content\/uploads\/2024\/04\/logo-on-350x91.png 350w, http:\/\/www.afriquenouvellemusique.org\/site\/wp-content\/uploads\/2024\/04\/logo-on-480x125.png 480w\" sizes=\"(max-width: 488px) 100vw, 488px\" \/>\t\t\t\t\t\t\t\t\t\t\t\t\t\t\t<\/div>\n\t\t\t\t<\/div>\n\t\t\t\t\t<\/div>\n\t\t<\/div>\n\t\t\t\t<div class=\"elementor-column elementor-col-33 elementor-top-column elementor-element elementor-element-4f20b18 animated-slow elementor-invisible\" data-id=\"4f20b18\" data-element_type=\"column\" data-e-type=\"column\" data-settings=\"{&quot;animation&quot;:&quot;fadeInUp&quot;}\">\n\t\t\t<div class=\"elementor-widget-wrap elementor-element-populated\">\n\t\t\t\t\t\t<div class=\"elementor-element elementor-element-15d8cf1 animated-slow elementor-invisible elementor-widget elementor-widget-image\" data-id=\"15d8cf1\" data-element_type=\"widget\" data-e-type=\"widget\" data-settings=\"{&quot;_animation&quot;:&quot;fadeInUp&quot;}\" data-widget_type=\"image.default\">\n\t\t\t\t<div class=\"elementor-widget-container\">\n\t\t\t\t\t\t\t\t\t\t\t\t\t\t\t<img decoding=\"async\" width=\"450\" height=\"73\" src=\"http:\/\/www.afriquenouvellemusique.org\/site\/wp-content\/uploads\/2020\/06\/canadaheritage.png\" class=\"attachment-full size-full wp-image-2924\" alt=\"afrique nouvelle musique africa new music toronto canada art arts african congo congolese arthur tongo thomas tumbu festival bana y&#039;afrique canada heritage patromime canadien\" srcset=\"http:\/\/www.afriquenouvellemusique.org\/site\/wp-content\/uploads\/2020\/06\/canadaheritage.png 450w, http:\/\/www.afriquenouvellemusique.org\/site\/wp-content\/uploads\/2020\/06\/canadaheritage-300x49.png 300w, http:\/\/www.afriquenouvellemusique.org\/site\/wp-content\/uploads\/2020\/06\/canadaheritage-230x37.png 230w, http:\/\/www.afriquenouvellemusique.org\/site\/wp-content\/uploads\/2020\/06\/canadaheritage-350x57.png 350w\" sizes=\"(max-width: 450px) 100vw, 450px\" \/>\t\t\t\t\t\t\t\t\t\t\t\t\t\t\t<\/div>\n\t\t\t\t<\/div>\n\t\t\t\t\t<\/div>\n\t\t<\/div>\n\t\t\t\t\t<\/div>\n\t\t<\/section>\n\t\t\t\t<\/div>\n\t\t","protected":false},"excerpt":{"rendered":"<p>Virtual Concert Diversit\u00e9 en Sc\u00e8ne 2025 our sponsors Thank you!<\/p>\n","protected":false},"author":1,"featured_media":2818,"parent":0,"menu_order":0,"comment_status":"closed","ping_status":"closed","template":"page-templates\/page_front-page.php","meta":{"footnotes":""},"class_list":["post-4072","page","type-page","status-publish","has-post-thumbnail","hentry"],"yoast_head":"<!-- This site is optimized with the Yoast SEO plugin v27.4 - https:\/\/yoast.com\/product\/yoast-seo-wordpress\/ -->\n<title>Home -<\/title>\n<meta name=\"description\" content=\"Afrique Nouvelle Musique, au c\u0153ur de la cr\u00e9ation de la diversit\u00e9 culturelle francophone. Africa New Music, where Francophone creativity and cultural diversity come to life.\" \/>\n<meta name=\"robots\" content=\"index, follow, max-snippet:-1, max-image-preview:large, max-video-preview:-1\" \/>\n<link rel=\"canonical\" href=\"http:\/\/www.afriquenouvellemusique.org\/site\/\" \/>\n<meta property=\"og:locale\" content=\"en_US\" \/>\n<meta property=\"og:type\" content=\"article\" \/>\n<meta property=\"og:title\" content=\"Home -\" \/>\n<meta property=\"og:description\" content=\"Afrique Nouvelle Musique, au c\u0153ur de la cr\u00e9ation de la diversit\u00e9 culturelle francophone. Africa New Music, where Francophone creativity and cultural diversity come to life.\" \/>\n<meta property=\"og:url\" content=\"http:\/\/www.afriquenouvellemusique.org\/site\/\" \/>\n<meta property=\"article:publisher\" content=\"https:\/\/www.facebook.com\/AfriqueNM\" \/>\n<meta property=\"article:modified_time\" content=\"2026-04-04T13:23:23+00:00\" \/>\n<meta property=\"og:image\" content=\"http:\/\/www.afriquenouvellemusique.org\/site\/wp-content\/uploads\/2020\/06\/logo-sq.png\" \/>\n\t<meta property=\"og:image:width\" content=\"1749\" \/>\n\t<meta property=\"og:image:height\" content=\"1749\" \/>\n\t<meta property=\"og:image:type\" content=\"image\/png\" \/>\n<meta name=\"twitter:card\" content=\"summary_large_image\" \/>\n<meta name=\"twitter:label1\" content=\"Est. reading time\" \/>\n\t<meta name=\"twitter:data1\" content=\"1 minute\" \/>\n<script type=\"application\/ld+json\" class=\"yoast-schema-graph\">{\"@context\":\"https:\\\/\\\/schema.org\",\"@graph\":[{\"@type\":\"WebPage\",\"@id\":\"http:\\\/\\\/www.afriquenouvellemusique.org\\\/site\\\/\",\"url\":\"http:\\\/\\\/www.afriquenouvellemusique.org\\\/site\\\/\",\"name\":\"Home -\",\"isPartOf\":{\"@id\":\"http:\\\/\\\/www.afriquenouvellemusique.org\\\/site\\\/#website\"},\"primaryImageOfPage\":{\"@id\":\"http:\\\/\\\/www.afriquenouvellemusique.org\\\/site\\\/#primaryimage\"},\"image\":{\"@id\":\"http:\\\/\\\/www.afriquenouvellemusique.org\\\/site\\\/#primaryimage\"},\"thumbnailUrl\":\"http:\\\/\\\/www.afriquenouvellemusique.org\\\/site\\\/wp-content\\\/uploads\\\/2020\\\/06\\\/logo-sq.png\",\"datePublished\":\"2021-08-10T20:03:02+00:00\",\"dateModified\":\"2026-04-04T13:23:23+00:00\",\"description\":\"Afrique Nouvelle Musique, au c\u0153ur de la cr\u00e9ation de la diversit\u00e9 culturelle francophone. Africa New Music, where Francophone creativity and cultural diversity come to life.\",\"breadcrumb\":{\"@id\":\"http:\\\/\\\/www.afriquenouvellemusique.org\\\/site\\\/#breadcrumb\"},\"inLanguage\":\"en-US\",\"potentialAction\":[{\"@type\":\"ReadAction\",\"target\":[[\"http:\\\/\\\/www.afriquenouvellemusique.org\\\/site\\\/\"]]}]},{\"@type\":\"ImageObject\",\"inLanguage\":\"en-US\",\"@id\":\"http:\\\/\\\/www.afriquenouvellemusique.org\\\/site\\\/#primaryimage\",\"url\":\"http:\\\/\\\/www.afriquenouvellemusique.org\\\/site\\\/wp-content\\\/uploads\\\/2020\\\/06\\\/logo-sq.png\",\"contentUrl\":\"http:\\\/\\\/www.afriquenouvellemusique.org\\\/site\\\/wp-content\\\/uploads\\\/2020\\\/06\\\/logo-sq.png\",\"width\":1749,\"height\":1749,\"caption\":\"afrique nouvelle musique africa new music toronto canada art arts african congo congolese arthur tongo thomas tumbu festival bana y'afrique\"},{\"@type\":\"BreadcrumbList\",\"@id\":\"http:\\\/\\\/www.afriquenouvellemusique.org\\\/site\\\/#breadcrumb\",\"itemListElement\":[{\"@type\":\"ListItem\",\"position\":1,\"name\":\"Home\",\"item\":\"http:\\\/\\\/www.afriquenouvellemusique.org\\\/site\\\/\"},{\"@type\":\"ListItem\",\"position\":2,\"name\":\"Home\"}]},{\"@type\":\"WebSite\",\"@id\":\"http:\\\/\\\/www.afriquenouvellemusique.org\\\/site\\\/#website\",\"url\":\"http:\\\/\\\/www.afriquenouvellemusique.org\\\/site\\\/\",\"name\":\"\",\"description\":\"\",\"publisher\":{\"@id\":\"http:\\\/\\\/www.afriquenouvellemusique.org\\\/site\\\/#organization\"},\"potentialAction\":[{\"@type\":\"SearchAction\",\"target\":{\"@type\":\"EntryPoint\",\"urlTemplate\":\"http:\\\/\\\/www.afriquenouvellemusique.org\\\/site\\\/?s={search_term_string}\"},\"query-input\":{\"@type\":\"PropertyValueSpecification\",\"valueRequired\":true,\"valueName\":\"search_term_string\"}}],\"inLanguage\":\"en-US\"},{\"@type\":\"Organization\",\"@id\":\"http:\\\/\\\/www.afriquenouvellemusique.org\\\/site\\\/#organization\",\"name\":\"Afrique Nouvelle Musique\",\"url\":\"http:\\\/\\\/www.afriquenouvellemusique.org\\\/site\\\/\",\"logo\":{\"@type\":\"ImageObject\",\"inLanguage\":\"en-US\",\"@id\":\"http:\\\/\\\/www.afriquenouvellemusique.org\\\/site\\\/#\\\/schema\\\/logo\\\/image\\\/\",\"url\":\"http:\\\/\\\/www.afriquenouvellemusique.org\\\/site\\\/wp-content\\\/uploads\\\/2020\\\/06\\\/logo.png\",\"contentUrl\":\"http:\\\/\\\/www.afriquenouvellemusique.org\\\/site\\\/wp-content\\\/uploads\\\/2020\\\/06\\\/logo.png\",\"width\":1663,\"height\":1749,\"caption\":\"Afrique Nouvelle Musique\"},\"image\":{\"@id\":\"http:\\\/\\\/www.afriquenouvellemusique.org\\\/site\\\/#\\\/schema\\\/logo\\\/image\\\/\"},\"sameAs\":[\"https:\\\/\\\/www.facebook.com\\\/AfriqueNM\"]}]}<\/script>\n<!-- \/ Yoast SEO plugin. -->","yoast_head_json":{"title":"Home -","description":"Afrique Nouvelle Musique, au c\u0153ur de la cr\u00e9ation de la diversit\u00e9 culturelle francophone. Africa New Music, where Francophone creativity and cultural diversity come to life.","robots":{"index":"index","follow":"follow","max-snippet":"max-snippet:-1","max-image-preview":"max-image-preview:large","max-video-preview":"max-video-preview:-1"},"canonical":"http:\/\/www.afriquenouvellemusique.org\/site\/","og_locale":"en_US","og_type":"article","og_title":"Home -","og_description":"Afrique Nouvelle Musique, au c\u0153ur de la cr\u00e9ation de la diversit\u00e9 culturelle francophone. Africa New Music, where Francophone creativity and cultural diversity come to life.","og_url":"http:\/\/www.afriquenouvellemusique.org\/site\/","article_publisher":"https:\/\/www.facebook.com\/AfriqueNM","article_modified_time":"2026-04-04T13:23:23+00:00","og_image":[{"width":1749,"height":1749,"url":"http:\/\/www.afriquenouvellemusique.org\/site\/wp-content\/uploads\/2020\/06\/logo-sq.png","type":"image\/png"}],"twitter_card":"summary_large_image","twitter_misc":{"Est. reading time":"1 minute"},"schema":{"@context":"https:\/\/schema.org","@graph":[{"@type":"WebPage","@id":"http:\/\/www.afriquenouvellemusique.org\/site\/","url":"http:\/\/www.afriquenouvellemusique.org\/site\/","name":"Home -","isPartOf":{"@id":"http:\/\/www.afriquenouvellemusique.org\/site\/#website"},"primaryImageOfPage":{"@id":"http:\/\/www.afriquenouvellemusique.org\/site\/#primaryimage"},"image":{"@id":"http:\/\/www.afriquenouvellemusique.org\/site\/#primaryimage"},"thumbnailUrl":"http:\/\/www.afriquenouvellemusique.org\/site\/wp-content\/uploads\/2020\/06\/logo-sq.png","datePublished":"2021-08-10T20:03:02+00:00","dateModified":"2026-04-04T13:23:23+00:00","description":"Afrique Nouvelle Musique, au c\u0153ur de la cr\u00e9ation de la diversit\u00e9 culturelle francophone. Africa New Music, where Francophone creativity and cultural diversity come to life.","breadcrumb":{"@id":"http:\/\/www.afriquenouvellemusique.org\/site\/#breadcrumb"},"inLanguage":"en-US","potentialAction":[{"@type":"ReadAction","target":[["http:\/\/www.afriquenouvellemusique.org\/site\/"]]}]},{"@type":"ImageObject","inLanguage":"en-US","@id":"http:\/\/www.afriquenouvellemusique.org\/site\/#primaryimage","url":"http:\/\/www.afriquenouvellemusique.org\/site\/wp-content\/uploads\/2020\/06\/logo-sq.png","contentUrl":"http:\/\/www.afriquenouvellemusique.org\/site\/wp-content\/uploads\/2020\/06\/logo-sq.png","width":1749,"height":1749,"caption":"afrique nouvelle musique africa new music toronto canada art arts african congo congolese arthur tongo thomas tumbu festival bana y'afrique"},{"@type":"BreadcrumbList","@id":"http:\/\/www.afriquenouvellemusique.org\/site\/#breadcrumb","itemListElement":[{"@type":"ListItem","position":1,"name":"Home","item":"http:\/\/www.afriquenouvellemusique.org\/site\/"},{"@type":"ListItem","position":2,"name":"Home"}]},{"@type":"WebSite","@id":"http:\/\/www.afriquenouvellemusique.org\/site\/#website","url":"http:\/\/www.afriquenouvellemusique.org\/site\/","name":"","description":"","publisher":{"@id":"http:\/\/www.afriquenouvellemusique.org\/site\/#organization"},"potentialAction":[{"@type":"SearchAction","target":{"@type":"EntryPoint","urlTemplate":"http:\/\/www.afriquenouvellemusique.org\/site\/?s={search_term_string}"},"query-input":{"@type":"PropertyValueSpecification","valueRequired":true,"valueName":"search_term_string"}}],"inLanguage":"en-US"},{"@type":"Organization","@id":"http:\/\/www.afriquenouvellemusique.org\/site\/#organization","name":"Afrique Nouvelle Musique","url":"http:\/\/www.afriquenouvellemusique.org\/site\/","logo":{"@type":"ImageObject","inLanguage":"en-US","@id":"http:\/\/www.afriquenouvellemusique.org\/site\/#\/schema\/logo\/image\/","url":"http:\/\/www.afriquenouvellemusique.org\/site\/wp-content\/uploads\/2020\/06\/logo.png","contentUrl":"http:\/\/www.afriquenouvellemusique.org\/site\/wp-content\/uploads\/2020\/06\/logo.png","width":1663,"height":1749,"caption":"Afrique Nouvelle Musique"},"image":{"@id":"http:\/\/www.afriquenouvellemusique.org\/site\/#\/schema\/logo\/image\/"},"sameAs":["https:\/\/www.facebook.com\/AfriqueNM"]}]}},"_links":{"self":[{"href":"http:\/\/www.afriquenouvellemusique.org\/site\/wp-json\/wp\/v2\/pages\/4072","targetHints":{"allow":["GET"]}}],"collection":[{"href":"http:\/\/www.afriquenouvellemusique.org\/site\/wp-json\/wp\/v2\/pages"}],"about":[{"href":"http:\/\/www.afriquenouvellemusique.org\/site\/wp-json\/wp\/v2\/types\/page"}],"author":[{"embeddable":true,"href":"http:\/\/www.afriquenouvellemusique.org\/site\/wp-json\/wp\/v2\/users\/1"}],"replies":[{"embeddable":true,"href":"http:\/\/www.afriquenouvellemusique.org\/site\/wp-json\/wp\/v2\/comments?post=4072"}],"version-history":[{"count":357,"href":"http:\/\/www.afriquenouvellemusique.org\/site\/wp-json\/wp\/v2\/pages\/4072\/revisions"}],"predecessor-version":[{"id":5450,"href":"http:\/\/www.afriquenouvellemusique.org\/site\/wp-json\/wp\/v2\/pages\/4072\/revisions\/5450"}],"wp:featuredmedia":[{"embeddable":true,"href":"http:\/\/www.afriquenouvellemusique.org\/site\/wp-json\/wp\/v2\/media\/2818"}],"wp:attachment":[{"href":"http:\/\/www.afriquenouvellemusique.org\/site\/wp-json\/wp\/v2\/media?parent=4072"}],"curies":[{"name":"wp","href":"https:\/\/api.w.org\/{rel}","templated":true}]}}