{"id":3860,"date":"2021-06-06T04:44:01","date_gmt":"2021-06-06T04:44:01","guid":{"rendered":"http:\/\/www.afriquenouvellemusique.org\/site\/?page_id=3860"},"modified":"2024-02-05T16:12:35","modified_gmt":"2024-02-05T16:12:35","slug":"upcoming-events","status":"publish","type":"page","link":"http:\/\/www.afriquenouvellemusique.org\/site\/fr\/upcoming-events\/","title":{"rendered":"\u00c9v\u00e9nements \u00c0\u00a0 Venir"},"content":{"rendered":"\t\t<div data-elementor-type=\"wp-page\" data-elementor-id=\"3860\" class=\"elementor elementor-3860\">\n\t\t\t\t\t\t<section class=\"elementor-section elementor-top-section elementor-element elementor-element-7e1af1d animated-slow elementor-section-boxed elementor-section-height-default elementor-section-height-default elementor-invisible\" data-id=\"7e1af1d\" data-element_type=\"section\" data-e-type=\"section\" data-settings=\"{&quot;animation&quot;:&quot;fadeInUp&quot;}\">\n\t\t\t\t\t\t<div class=\"elementor-container elementor-column-gap-default\">\n\t\t\t\t\t<div class=\"elementor-column elementor-col-100 elementor-top-column elementor-element elementor-element-d4f35bd\" data-id=\"d4f35bd\" data-element_type=\"column\" data-e-type=\"column\">\n\t\t\t<div class=\"elementor-widget-wrap elementor-element-populated\">\n\t\t\t\t\t\t<div class=\"elementor-element elementor-element-70d0f11 elementor-grid-eael-col-2 elementor-grid-tablet-eael-col-2 elementor-grid-mobile-eael-col-1 elementor-widget elementor-widget-eael-post-grid\" data-id=\"70d0f11\" data-element_type=\"widget\" data-e-type=\"widget\" data-settings=\"{&quot;eael_post_grid_columns&quot;:&quot;eael-col-2&quot;,&quot;eael_post_grid_columns_tablet&quot;:&quot;eael-col-2&quot;,&quot;eael_post_grid_columns_mobile&quot;:&quot;eael-col-1&quot;}\" data-widget_type=\"eael-post-grid.default\">\n\t\t\t\t<div class=\"elementor-widget-container\">\n\t\t\t\t\t<div id=\"eael-post-grid-70d0f11\" class=\"eael-post-grid-container\">\n            <div class=\"eael-post-grid eael-post-appender eael-post-appender-70d0f11 eael-post-grid-style-one\" data-layout-mode=\"grid\"><p class=\"no-posts-found\">No posts found!<\/p><\/div>\n            <div class=\"clearfix\"><\/div>\n        <\/div>\t\t\t\t<\/div>\n\t\t\t\t<\/div>\n\t\t\t\t\t<\/div>\n\t\t<\/div>\n\t\t\t\t\t<\/div>\n\t\t<\/section>\n\t\t\t\t<\/div>\n\t\t","protected":false},"excerpt":{"rendered":"<p>Canada Oy Voir Plus &rarr; Plus Encore &nbsp;&darr;<\/p>\n","protected":false},"author":1,"featured_media":0,"parent":0,"menu_order":0,"comment_status":"closed","ping_status":"closed","template":"page-templates\/page_fullwidth.php","meta":{"footnotes":""},"class_list":["post-3860","page","type-page","status-publish","hentry"],"yoast_head":"<!-- This site is optimized with the Yoast SEO plugin v27.4 - https:\/\/yoast.com\/product\/yoast-seo-wordpress\/ -->\n<title>\u00c9v\u00e9nements \u00c0\u00a0 Venir -<\/title>\n<meta name=\"robots\" content=\"index, follow, max-snippet:-1, max-image-preview:large, max-video-preview:-1\" \/>\n<link rel=\"canonical\" href=\"http:\/\/www.afriquenouvellemusique.org\/site\/fr\/upcoming-events\/\" \/>\n<meta property=\"og:locale\" content=\"fr_FR\" \/>\n<meta property=\"og:type\" content=\"article\" \/>\n<meta property=\"og:title\" content=\"\u00c9v\u00e9nements \u00c0\u00a0 Venir -\" \/>\n<meta property=\"og:description\" content=\"Canada Oy Voir Plus &rarr; Plus Encore &nbsp;&darr;\" \/>\n<meta property=\"og:url\" content=\"http:\/\/www.afriquenouvellemusique.org\/site\/fr\/upcoming-events\/\" \/>\n<meta property=\"article:publisher\" content=\"https:\/\/www.facebook.com\/AfriqueNM\" \/>\n<meta property=\"article:modified_time\" content=\"2024-02-05T16:12:35+00:00\" \/>\n<meta property=\"og:image\" content=\"http:\/\/www.afriquenouvellemusique.org\/site\/wp-content\/uploads\/2020\/07\/BlaiseLaBambaOct20-550x400.jpg\" \/>\n<meta name=\"twitter:card\" content=\"summary_large_image\" \/>\n<script type=\"application\/ld+json\" class=\"yoast-schema-graph\">{\"@context\":\"https:\\\/\\\/schema.org\",\"@graph\":[{\"@type\":\"WebPage\",\"@id\":\"http:\\\/\\\/www.afriquenouvellemusique.org\\\/site\\\/fr\\\/upcoming-events\\\/\",\"url\":\"http:\\\/\\\/www.afriquenouvellemusique.org\\\/site\\\/fr\\\/upcoming-events\\\/\",\"name\":\"\u00c9v\u00e9nements \u00c0\u00a0 Venir -\",\"isPartOf\":{\"@id\":\"http:\\\/\\\/www.afriquenouvellemusique.org\\\/site\\\/fr\\\/#website\"},\"primaryImageOfPage\":{\"@id\":\"http:\\\/\\\/www.afriquenouvellemusique.org\\\/site\\\/fr\\\/upcoming-events\\\/#primaryimage\"},\"image\":{\"@id\":\"http:\\\/\\\/www.afriquenouvellemusique.org\\\/site\\\/fr\\\/upcoming-events\\\/#primaryimage\"},\"thumbnailUrl\":\"http:\\\/\\\/www.afriquenouvellemusique.org\\\/site\\\/wp-content\\\/uploads\\\/2020\\\/07\\\/BlaiseLaBambaOct20-550x400.jpg\",\"datePublished\":\"2021-06-06T04:44:01+00:00\",\"dateModified\":\"2024-02-05T16:12:35+00:00\",\"breadcrumb\":{\"@id\":\"http:\\\/\\\/www.afriquenouvellemusique.org\\\/site\\\/fr\\\/upcoming-events\\\/#breadcrumb\"},\"inLanguage\":\"fr-FR\",\"potentialAction\":[{\"@type\":\"ReadAction\",\"target\":[[\"http:\\\/\\\/www.afriquenouvellemusique.org\\\/site\\\/fr\\\/upcoming-events\\\/\"]]}]},{\"@type\":\"ImageObject\",\"inLanguage\":\"fr-FR\",\"@id\":\"http:\\\/\\\/www.afriquenouvellemusique.org\\\/site\\\/fr\\\/upcoming-events\\\/#primaryimage\",\"url\":\"http:\\\/\\\/www.afriquenouvellemusique.org\\\/site\\\/wp-content\\\/uploads\\\/2020\\\/07\\\/BlaiseLaBambaOct20-550x400.jpg\",\"contentUrl\":\"http:\\\/\\\/www.afriquenouvellemusique.org\\\/site\\\/wp-content\\\/uploads\\\/2020\\\/07\\\/BlaiseLaBambaOct20-550x400.jpg\"},{\"@type\":\"BreadcrumbList\",\"@id\":\"http:\\\/\\\/www.afriquenouvellemusique.org\\\/site\\\/fr\\\/upcoming-events\\\/#breadcrumb\",\"itemListElement\":[{\"@type\":\"ListItem\",\"position\":1,\"name\":\"Home\",\"item\":\"http:\\\/\\\/www.afriquenouvellemusique.org\\\/site\\\/fr\\\/\"},{\"@type\":\"ListItem\",\"position\":2,\"name\":\"\u00c9v\u00e9nements \u00c0\u00a0 Venir\"}]},{\"@type\":\"WebSite\",\"@id\":\"http:\\\/\\\/www.afriquenouvellemusique.org\\\/site\\\/fr\\\/#website\",\"url\":\"http:\\\/\\\/www.afriquenouvellemusique.org\\\/site\\\/fr\\\/\",\"name\":\"\",\"description\":\"\",\"publisher\":{\"@id\":\"http:\\\/\\\/www.afriquenouvellemusique.org\\\/site\\\/fr\\\/#organization\"},\"potentialAction\":[{\"@type\":\"SearchAction\",\"target\":{\"@type\":\"EntryPoint\",\"urlTemplate\":\"http:\\\/\\\/www.afriquenouvellemusique.org\\\/site\\\/fr\\\/?s={search_term_string}\"},\"query-input\":{\"@type\":\"PropertyValueSpecification\",\"valueRequired\":true,\"valueName\":\"search_term_string\"}}],\"inLanguage\":\"fr-FR\"},{\"@type\":\"Organization\",\"@id\":\"http:\\\/\\\/www.afriquenouvellemusique.org\\\/site\\\/fr\\\/#organization\",\"name\":\"Afrique Nouvelle Musique\",\"url\":\"http:\\\/\\\/www.afriquenouvellemusique.org\\\/site\\\/fr\\\/\",\"logo\":{\"@type\":\"ImageObject\",\"inLanguage\":\"fr-FR\",\"@id\":\"http:\\\/\\\/www.afriquenouvellemusique.org\\\/site\\\/fr\\\/#\\\/schema\\\/logo\\\/image\\\/\",\"url\":\"http:\\\/\\\/www.afriquenouvellemusique.org\\\/site\\\/wp-content\\\/uploads\\\/2020\\\/06\\\/logo.png\",\"contentUrl\":\"http:\\\/\\\/www.afriquenouvellemusique.org\\\/site\\\/wp-content\\\/uploads\\\/2020\\\/06\\\/logo.png\",\"width\":1663,\"height\":1749,\"caption\":\"Afrique Nouvelle Musique\"},\"image\":{\"@id\":\"http:\\\/\\\/www.afriquenouvellemusique.org\\\/site\\\/fr\\\/#\\\/schema\\\/logo\\\/image\\\/\"},\"sameAs\":[\"https:\\\/\\\/www.facebook.com\\\/AfriqueNM\"]}]}<\/script>\n<!-- \/ Yoast SEO plugin. -->","yoast_head_json":{"title":"\u00c9v\u00e9nements \u00c0\u00a0 Venir -","robots":{"index":"index","follow":"follow","max-snippet":"max-snippet:-1","max-image-preview":"max-image-preview:large","max-video-preview":"max-video-preview:-1"},"canonical":"http:\/\/www.afriquenouvellemusique.org\/site\/fr\/upcoming-events\/","og_locale":"fr_FR","og_type":"article","og_title":"\u00c9v\u00e9nements \u00c0\u00a0 Venir -","og_description":"Canada Oy Voir Plus &rarr; Plus Encore &nbsp;&darr;","og_url":"http:\/\/www.afriquenouvellemusique.org\/site\/fr\/upcoming-events\/","article_publisher":"https:\/\/www.facebook.com\/AfriqueNM","article_modified_time":"2024-02-05T16:12:35+00:00","og_image":[{"url":"http:\/\/www.afriquenouvellemusique.org\/site\/wp-content\/uploads\/2020\/07\/BlaiseLaBambaOct20-550x400.jpg","type":"","width":"","height":""}],"twitter_card":"summary_large_image","schema":{"@context":"https:\/\/schema.org","@graph":[{"@type":"WebPage","@id":"http:\/\/www.afriquenouvellemusique.org\/site\/fr\/upcoming-events\/","url":"http:\/\/www.afriquenouvellemusique.org\/site\/fr\/upcoming-events\/","name":"\u00c9v\u00e9nements \u00c0\u00a0 Venir -","isPartOf":{"@id":"http:\/\/www.afriquenouvellemusique.org\/site\/fr\/#website"},"primaryImageOfPage":{"@id":"http:\/\/www.afriquenouvellemusique.org\/site\/fr\/upcoming-events\/#primaryimage"},"image":{"@id":"http:\/\/www.afriquenouvellemusique.org\/site\/fr\/upcoming-events\/#primaryimage"},"thumbnailUrl":"http:\/\/www.afriquenouvellemusique.org\/site\/wp-content\/uploads\/2020\/07\/BlaiseLaBambaOct20-550x400.jpg","datePublished":"2021-06-06T04:44:01+00:00","dateModified":"2024-02-05T16:12:35+00:00","breadcrumb":{"@id":"http:\/\/www.afriquenouvellemusique.org\/site\/fr\/upcoming-events\/#breadcrumb"},"inLanguage":"fr-FR","potentialAction":[{"@type":"ReadAction","target":[["http:\/\/www.afriquenouvellemusique.org\/site\/fr\/upcoming-events\/"]]}]},{"@type":"ImageObject","inLanguage":"fr-FR","@id":"http:\/\/www.afriquenouvellemusique.org\/site\/fr\/upcoming-events\/#primaryimage","url":"http:\/\/www.afriquenouvellemusique.org\/site\/wp-content\/uploads\/2020\/07\/BlaiseLaBambaOct20-550x400.jpg","contentUrl":"http:\/\/www.afriquenouvellemusique.org\/site\/wp-content\/uploads\/2020\/07\/BlaiseLaBambaOct20-550x400.jpg"},{"@type":"BreadcrumbList","@id":"http:\/\/www.afriquenouvellemusique.org\/site\/fr\/upcoming-events\/#breadcrumb","itemListElement":[{"@type":"ListItem","position":1,"name":"Home","item":"http:\/\/www.afriquenouvellemusique.org\/site\/fr\/"},{"@type":"ListItem","position":2,"name":"\u00c9v\u00e9nements \u00c0\u00a0 Venir"}]},{"@type":"WebSite","@id":"http:\/\/www.afriquenouvellemusique.org\/site\/fr\/#website","url":"http:\/\/www.afriquenouvellemusique.org\/site\/fr\/","name":"","description":"","publisher":{"@id":"http:\/\/www.afriquenouvellemusique.org\/site\/fr\/#organization"},"potentialAction":[{"@type":"SearchAction","target":{"@type":"EntryPoint","urlTemplate":"http:\/\/www.afriquenouvellemusique.org\/site\/fr\/?s={search_term_string}"},"query-input":{"@type":"PropertyValueSpecification","valueRequired":true,"valueName":"search_term_string"}}],"inLanguage":"fr-FR"},{"@type":"Organization","@id":"http:\/\/www.afriquenouvellemusique.org\/site\/fr\/#organization","name":"Afrique Nouvelle Musique","url":"http:\/\/www.afriquenouvellemusique.org\/site\/fr\/","logo":{"@type":"ImageObject","inLanguage":"fr-FR","@id":"http:\/\/www.afriquenouvellemusique.org\/site\/fr\/#\/schema\/logo\/image\/","url":"http:\/\/www.afriquenouvellemusique.org\/site\/wp-content\/uploads\/2020\/06\/logo.png","contentUrl":"http:\/\/www.afriquenouvellemusique.org\/site\/wp-content\/uploads\/2020\/06\/logo.png","width":1663,"height":1749,"caption":"Afrique Nouvelle Musique"},"image":{"@id":"http:\/\/www.afriquenouvellemusique.org\/site\/fr\/#\/schema\/logo\/image\/"},"sameAs":["https:\/\/www.facebook.com\/AfriqueNM"]}]}},"_links":{"self":[{"href":"http:\/\/www.afriquenouvellemusique.org\/site\/fr\/wp-json\/wp\/v2\/pages\/3860","targetHints":{"allow":["GET"]}}],"collection":[{"href":"http:\/\/www.afriquenouvellemusique.org\/site\/fr\/wp-json\/wp\/v2\/pages"}],"about":[{"href":"http:\/\/www.afriquenouvellemusique.org\/site\/fr\/wp-json\/wp\/v2\/types\/page"}],"author":[{"embeddable":true,"href":"http:\/\/www.afriquenouvellemusique.org\/site\/fr\/wp-json\/wp\/v2\/users\/1"}],"replies":[{"embeddable":true,"href":"http:\/\/www.afriquenouvellemusique.org\/site\/fr\/wp-json\/wp\/v2\/comments?post=3860"}],"version-history":[{"count":9,"href":"http:\/\/www.afriquenouvellemusique.org\/site\/fr\/wp-json\/wp\/v2\/pages\/3860\/revisions"}],"predecessor-version":[{"id":4986,"href":"http:\/\/www.afriquenouvellemusique.org\/site\/fr\/wp-json\/wp\/v2\/pages\/3860\/revisions\/4986"}],"wp:attachment":[{"href":"http:\/\/www.afriquenouvellemusique.org\/site\/fr\/wp-json\/wp\/v2\/media?parent=3860"}],"curies":[{"name":"wp","href":"https:\/\/api.w.org\/{rel}","templated":true}]}}