{"id":361,"date":"2019-10-30T19:37:49","date_gmt":"2019-10-30T19:37:49","guid":{"rendered":"http:\/\/demo.athemes.com\/sydney-redesign\/?page_id=361"},"modified":"2026-04-10T17:15:53","modified_gmt":"2026-04-10T17:15:53","slug":"about","status":"publish","type":"page","link":"http:\/\/www.afriquenouvellemusique.org\/site\/fr\/about\/","title":{"rendered":"\u00c0 propos"},"content":{"rendered":"\t\t<div data-elementor-type=\"wp-page\" data-elementor-id=\"361\" class=\"elementor elementor-361\">\n\t\t\t\t\t\t<section class=\"elementor-section elementor-top-section elementor-element elementor-element-4aaabe97 animated-slow elementor-section-boxed elementor-section-height-default elementor-section-height-default elementor-invisible\" data-id=\"4aaabe97\" data-element_type=\"section\" data-e-type=\"section\" data-settings=\"{&quot;animation&quot;:&quot;fadeInUp&quot;}\">\n\t\t\t\t\t\t<div class=\"elementor-container elementor-column-gap-default\">\n\t\t\t\t\t<div class=\"elementor-column elementor-col-100 elementor-top-column elementor-element elementor-element-a893fcb\" data-id=\"a893fcb\" data-element_type=\"column\" data-e-type=\"column\">\n\t\t\t<div class=\"elementor-widget-wrap elementor-element-populated\">\n\t\t\t\t\t\t<div class=\"elementor-element elementor-element-9d8092d elementor-widget elementor-widget-text-editor\" data-id=\"9d8092d\" data-element_type=\"widget\" data-e-type=\"widget\" data-widget_type=\"text-editor.default\">\n\t\t\t\t<div class=\"elementor-widget-container\">\n\t\t\t\t\t\t\t\t\t<p>Depuis 1993, Afrique Nouvelle Musique fa\u00e7onne et fait rayonner une francophonie artistique vibrante au c\u0153ur de Toronto.\u2028Ancr\u00e9e dans la diversit\u00e9, l\u2019organisation r\u00e9v\u00e8le des talents, fait \u00e9merger des voix singuli\u00e8res et cr\u00e9e des exp\u00e9riences artistiques qui rassemblent.<\/p><p>Nous concevons des espaces vivants o\u00f9 les artistes peuvent cr\u00e9er, se produire et dialoguer avec leurs publics.<\/p><p>Ici, la culture est un lieu de rencontre, d\u2019expression et de transformation \u2014 un espace o\u00f9 la diversit\u00e9 francophone se vit pleinement.<\/p>\t\t\t\t\t\t\t\t<\/div>\n\t\t\t\t<\/div>\n\t\t\t\t\t<\/div>\n\t\t<\/div>\n\t\t\t\t\t<\/div>\n\t\t<\/section>\n\t\t\t\t<section class=\"elementor-section elementor-top-section elementor-element elementor-element-d424b83 animated-slow elementor-section-boxed elementor-section-height-default elementor-section-height-default elementor-invisible\" data-id=\"d424b83\" data-element_type=\"section\" data-e-type=\"section\" data-settings=\"{&quot;animation&quot;:&quot;fadeInUp&quot;}\">\n\t\t\t\t\t\t<div class=\"elementor-container elementor-column-gap-default\">\n\t\t\t\t\t<div class=\"elementor-column elementor-col-33 elementor-top-column elementor-element elementor-element-1e32056\" data-id=\"1e32056\" data-element_type=\"column\" data-e-type=\"column\" data-settings=\"{&quot;background_background&quot;:&quot;classic&quot;}\">\n\t\t\t<div class=\"elementor-widget-wrap elementor-element-populated\">\n\t\t\t\t\t\t<div class=\"elementor-element elementor-element-ce7308e eael-infobox-content-align--left eael-infobox-icon-bg-shape-radius eael-infobox-icon-hover-bg-shape-none elementor-widget elementor-widget-eael-info-box\" data-id=\"ce7308e\" data-element_type=\"widget\" data-e-type=\"widget\" data-widget_type=\"eael-info-box.default\">\n\t\t\t\t<div class=\"elementor-widget-container\">\n\t\t\t\t\t        <div class=\"eael-infobox icon-on-top\">\n\t            <div class=\"infobox-icon eael-icon-only\">\n\n            \n                            <div class=\"infobox-icon-wrap\">\n                    <i aria-hidden=\"true\" class=\"fas fa-bullseye\"><\/i>                <\/div>\n            \n            \n        <\/div>\n            <div class=\"infobox-content eael-icon-only\">\n                    <div class=\"infobox-title-section\">\n                <h2 class=\"title\">Notre Mission<\/h2>            <\/div>\n            <div><p>Faire avancer la cr\u00e9ation artistique francophone et en amplifier la port\u00e9e.\u2028Afrique Nouvelle Musique accompagne les artistes \u00e9mergents et \u00e9tablis en leur offrant des opportunit\u00e9s concr\u00e8tes de cr\u00e9ation, de diffusion et de d\u00e9veloppement, tout en favorisant des connexions durables avec leurs publics.<\/p><\/div>        <\/div>\n            <\/div>\n\n\t\t\t\t\t\t<\/div>\n\t\t\t\t<\/div>\n\t\t\t\t\t<\/div>\n\t\t<\/div>\n\t\t\t\t<div class=\"elementor-column elementor-col-33 elementor-top-column elementor-element elementor-element-fa1c22c\" data-id=\"fa1c22c\" data-element_type=\"column\" data-e-type=\"column\" data-settings=\"{&quot;background_background&quot;:&quot;classic&quot;}\">\n\t\t\t<div class=\"elementor-widget-wrap elementor-element-populated\">\n\t\t\t\t\t\t<div class=\"elementor-element elementor-element-fe9686e eael-infobox-content-align--left eael-infobox-icon-bg-shape-radius eael-infobox-icon-hover-bg-shape-none elementor-widget elementor-widget-eael-info-box\" data-id=\"fe9686e\" data-element_type=\"widget\" data-e-type=\"widget\" data-widget_type=\"eael-info-box.default\">\n\t\t\t\t<div class=\"elementor-widget-container\">\n\t\t\t\t\t        <div class=\"eael-infobox icon-on-top\">\n\t            <div class=\"infobox-icon eael-icon-only\">\n\n            \n                            <div class=\"infobox-icon-wrap\">\n                    <i aria-hidden=\"true\" class=\"fas fa-star\"><\/i>                <\/div>\n            \n            \n        <\/div>\n            <div class=\"infobox-content eael-icon-only\">\n                    <div class=\"infobox-title-section\">\n                <h2 class=\"title\">Nos Impact<\/h2>            <\/div>\n            <div><p>Nous \u00e9largissons l\u2019acc\u00e8s aux arts et \u00e0 la culture en rendant visibles des voix et des r\u00e9cits souvent sous-repr\u00e9sent\u00e9s. Par nos actions, nous renfor\u00e7ons la participation artistique, soutenons les parcours professionnels des artistes et contribuons activement \u00e0 la vitalit\u00e9 culturelle de Toronto et au-del\u00e0.<\/p><\/div>        <\/div>\n            <\/div>\n\n\t\t\t\t\t\t<\/div>\n\t\t\t\t<\/div>\n\t\t\t\t\t<\/div>\n\t\t<\/div>\n\t\t\t\t<div class=\"elementor-column elementor-col-33 elementor-top-column elementor-element elementor-element-327e234\" data-id=\"327e234\" data-element_type=\"column\" data-e-type=\"column\" data-settings=\"{&quot;background_background&quot;:&quot;classic&quot;}\">\n\t\t\t<div class=\"elementor-widget-wrap elementor-element-populated\">\n\t\t\t\t\t\t<div class=\"elementor-element elementor-element-954376e eael-infobox-content-align--left eael-infobox-icon-bg-shape-radius eael-infobox-icon-hover-bg-shape-none elementor-widget elementor-widget-eael-info-box\" data-id=\"954376e\" data-element_type=\"widget\" data-e-type=\"widget\" data-widget_type=\"eael-info-box.default\">\n\t\t\t\t<div class=\"elementor-widget-container\">\n\t\t\t\t\t        <div class=\"eael-infobox icon-on-top\">\n\t            <div class=\"infobox-icon eael-icon-only\">\n\n            \n                            <div class=\"infobox-icon-wrap\">\n                    <i aria-hidden=\"true\" class=\"fas fa-eye\"><\/i>                <\/div>\n            \n            \n        <\/div>\n            <div class=\"infobox-content eael-icon-only\">\n                    <div class=\"infobox-title-section\">\n                <h2 class=\"title\">Rel\u00e8ve et cr\u00e9ativit\u00e9<\/h2>            <\/div>\n            <div><p>Nous croyons profond\u00e9ment au potentiel des nouvelles g\u00e9n\u00e9rations. \u2028\u00c0 travers des initiatives d\u00e9di\u00e9es, Afrique Nouvelle Musique accompagne les jeunes artistes dans leur parcours en leur offrant des espaces pour apprendre, exp\u00e9rimenter et se r\u00e9v\u00e9ler.<\/p><\/div>        <\/div>\n            <\/div>\n\n\t\t\t\t\t\t<\/div>\n\t\t\t\t<\/div>\n\t\t\t\t\t<\/div>\n\t\t<\/div>\n\t\t\t\t\t<\/div>\n\t\t<\/section>\n\t\t\t\t<section class=\"elementor-section elementor-top-section elementor-element elementor-element-29fcbcd animated-slow elementor-section-boxed elementor-section-height-default elementor-section-height-default elementor-invisible\" data-id=\"29fcbcd\" data-element_type=\"section\" data-e-type=\"section\" data-settings=\"{&quot;animation&quot;:&quot;fadeInUp&quot;}\">\n\t\t\t\t\t\t<div class=\"elementor-container elementor-column-gap-default\">\n\t\t\t\t\t<div class=\"elementor-column elementor-col-100 elementor-top-column elementor-element elementor-element-808423d\" data-id=\"808423d\" data-element_type=\"column\" data-e-type=\"column\" data-settings=\"{&quot;background_background&quot;:&quot;classic&quot;}\">\n\t\t\t<div class=\"elementor-widget-wrap elementor-element-populated\">\n\t\t\t\t\t\t<div class=\"elementor-element elementor-element-796bc5d eael-infobox-icon-bg-shape-radius eael-infobox-content-align--center eael-infobox-icon-hover-bg-shape-none elementor-widget elementor-widget-eael-info-box\" data-id=\"796bc5d\" data-element_type=\"widget\" data-e-type=\"widget\" data-widget_type=\"eael-info-box.default\">\n\t\t\t\t<div class=\"elementor-widget-container\">\n\t\t\t\t\t        <div class=\"eael-infobox icon-on-top\">\n\t            <div class=\"infobox-icon eael-icon-only\">\n\n            \n                            <div class=\"infobox-icon-wrap\">\n                    <i aria-hidden=\"true\" class=\"fas fa-bullseye\"><\/i>                <\/div>\n            \n            \n        <\/div>\n            <div class=\"infobox-content eael-icon-only\">\n                    <div class=\"infobox-title-section\">\n                <h2 class=\"title\">Programmation et direction artistique<\/h2>            <\/div>\n            <div><p>Une programmation riche, audacieuse et rassembleuse:<br \/>Canada Oy\u00e9<br \/>Diversit\u00e9 en Sc\u00e8ne<br \/>Festival Bana Y\u2019Afrique<br \/>La rel\u00e8ve en musique et en danse<br \/>Causeries artistiques en fran\u00e7ais<br \/>\u00c0 cela s\u2019ajoutent des concours, des ateliers et une s\u00e9rie de concerts, en salle et en ligne, mettant en lumi\u00e8re des artistes d\u2019ici et d\u2019ailleurs.<\/p><\/div>        <\/div>\n            <\/div>\n\n\t\t\t\t\t\t<\/div>\n\t\t\t\t<\/div>\n\t\t\t\t\t<\/div>\n\t\t<\/div>\n\t\t\t\t\t<\/div>\n\t\t<\/section>\n\t\t\t\t<section class=\"elementor-section elementor-top-section elementor-element elementor-element-78ee852 animated-slow elementor-section-boxed elementor-section-height-default elementor-section-height-default elementor-invisible\" data-id=\"78ee852\" data-element_type=\"section\" data-e-type=\"section\" data-settings=\"{&quot;animation&quot;:&quot;fadeInUp&quot;}\">\n\t\t\t\t\t\t<div class=\"elementor-container elementor-column-gap-default\">\n\t\t\t\t\t<div class=\"elementor-column elementor-col-100 elementor-top-column elementor-element elementor-element-f81d838\" data-id=\"f81d838\" data-element_type=\"column\" data-e-type=\"column\">\n\t\t\t<div class=\"elementor-widget-wrap elementor-element-populated\">\n\t\t\t\t\t\t<div class=\"elementor-element elementor-element-3517344 elementor-widget elementor-widget-heading\" data-id=\"3517344\" data-element_type=\"widget\" data-e-type=\"widget\" data-widget_type=\"heading.default\">\n\t\t\t\t<div class=\"elementor-widget-container\">\n\t\t\t\t\t<h2 class=\"elementor-heading-title elementor-size-default\">Nos Responsables<\/h2>\t\t\t\t<\/div>\n\t\t\t\t<\/div>\n\t\t\t\t\t<\/div>\n\t\t<\/div>\n\t\t\t\t\t<\/div>\n\t\t<\/section>\n\t\t\t\t<section class=\"elementor-section elementor-top-section elementor-element elementor-element-3a71c41 animated-slow elementor-section-boxed elementor-section-height-default elementor-section-height-default elementor-invisible\" data-id=\"3a71c41\" data-element_type=\"section\" data-e-type=\"section\" data-settings=\"{&quot;animation&quot;:&quot;fadeInUp&quot;}\">\n\t\t\t\t\t\t<div class=\"elementor-container elementor-column-gap-default\">\n\t\t\t\t\t<div class=\"elementor-column elementor-col-50 elementor-top-column elementor-element elementor-element-b071950\" data-id=\"b071950\" data-element_type=\"column\" data-e-type=\"column\">\n\t\t\t<div class=\"elementor-widget-wrap elementor-element-populated\">\n\t\t\t\t\t\t<div class=\"elementor-element elementor-element-9e79fa5 elementor-widget elementor-widget-image\" data-id=\"9e79fa5\" data-element_type=\"widget\" data-e-type=\"widget\" data-widget_type=\"image.default\">\n\t\t\t\t<div class=\"elementor-widget-container\">\n\t\t\t\t\t\t\t\t\t\t\t\t\t\t\t<img fetchpriority=\"high\" decoding=\"async\" width=\"720\" height=\"540\" src=\"http:\/\/www.afriquenouvellemusique.org\/site\/wp-content\/uploads\/2020\/06\/38970_418931216282_356440_n.jpg\" class=\"attachment-full size-full wp-image-2942\" alt=\"afrique nouvelle musique africa new music toronto canada art arts african congo congolese arthur tongo thomas tumbu festival bana y&#039;afrique\" srcset=\"http:\/\/www.afriquenouvellemusique.org\/site\/wp-content\/uploads\/2020\/06\/38970_418931216282_356440_n.jpg 720w, http:\/\/www.afriquenouvellemusique.org\/site\/wp-content\/uploads\/2020\/06\/38970_418931216282_356440_n-300x225.jpg 300w, http:\/\/www.afriquenouvellemusique.org\/site\/wp-content\/uploads\/2020\/06\/38970_418931216282_356440_n-230x173.jpg 230w, http:\/\/www.afriquenouvellemusique.org\/site\/wp-content\/uploads\/2020\/06\/38970_418931216282_356440_n-350x263.jpg 350w, http:\/\/www.afriquenouvellemusique.org\/site\/wp-content\/uploads\/2020\/06\/38970_418931216282_356440_n-480x360.jpg 480w\" sizes=\"(max-width: 720px) 100vw, 720px\" \/>\t\t\t\t\t\t\t\t\t\t\t\t\t\t\t<\/div>\n\t\t\t\t<\/div>\n\t\t\t\t\t<\/div>\n\t\t<\/div>\n\t\t\t\t<div class=\"elementor-column elementor-col-50 elementor-top-column elementor-element elementor-element-1e94f06\" data-id=\"1e94f06\" data-element_type=\"column\" data-e-type=\"column\">\n\t\t\t<div class=\"elementor-widget-wrap elementor-element-populated\">\n\t\t\t\t\t\t<div class=\"elementor-element elementor-element-69eff60 elementor-widget elementor-widget-heading\" data-id=\"69eff60\" data-element_type=\"widget\" data-e-type=\"widget\" data-widget_type=\"heading.default\">\n\t\t\t\t<div class=\"elementor-widget-container\">\n\t\t\t\t\t<h4 class=\"elementor-heading-title elementor-size-default\">President<br \/>\nArthur Ntongo <\/h4>\t\t\t\t<\/div>\n\t\t\t\t<\/div>\n\t\t\t\t<div class=\"elementor-element elementor-element-65790c2 elementor-widget elementor-widget-heading\" data-id=\"65790c2\" data-element_type=\"widget\" data-e-type=\"widget\" data-widget_type=\"heading.default\">\n\t\t\t\t<div class=\"elementor-widget-container\">\n\t\t\t\t\t<h4 class=\"elementor-heading-title elementor-size-default\">Directeur g\u00e9n\u00e9ral<br \/>Thomas Tumbu <\/h4>\t\t\t\t<\/div>\n\t\t\t\t<\/div>\n\t\t\t\t\t<\/div>\n\t\t<\/div>\n\t\t\t\t\t<\/div>\n\t\t<\/section>\n\t\t\t\t<\/div>\n\t\t","protected":false},"excerpt":{"rendered":"<p>Depuis 1993, Afrique Nouvelle Musique fa\u00e7onne et fait rayonner une francophonie artistique vibrante au c\u0153ur de Toronto.\u2028Ancr\u00e9e dans la diversit\u00e9, l\u2019organisation r\u00e9v\u00e8le [&hellip;]<\/p>\n","protected":false},"author":1,"featured_media":0,"parent":0,"menu_order":0,"comment_status":"closed","ping_status":"closed","template":"page-templates\/page_fullwidth.php","meta":{"footnotes":""},"class_list":["post-361","page","type-page","status-publish","hentry"],"yoast_head":"<!-- This site is optimized with the Yoast SEO plugin v27.4 - https:\/\/yoast.com\/product\/yoast-seo-wordpress\/ -->\n<title>\u00c0 propos -<\/title>\n<meta name=\"robots\" content=\"index, follow, max-snippet:-1, max-image-preview:large, max-video-preview:-1\" \/>\n<link rel=\"canonical\" href=\"http:\/\/www.afriquenouvellemusique.org\/site\/fr\/about\/\" \/>\n<meta property=\"og:locale\" content=\"fr_FR\" \/>\n<meta property=\"og:type\" content=\"article\" \/>\n<meta property=\"og:title\" content=\"\u00c0 propos -\" \/>\n<meta property=\"og:description\" content=\"Depuis 1993, Afrique Nouvelle Musique fa\u00e7onne et fait rayonner une francophonie artistique vibrante au c\u0153ur de Toronto.\u2028Ancr\u00e9e dans la diversit\u00e9, l\u2019organisation r\u00e9v\u00e8le [&hellip;]\" \/>\n<meta property=\"og:url\" content=\"http:\/\/www.afriquenouvellemusique.org\/site\/fr\/about\/\" \/>\n<meta property=\"article:publisher\" content=\"https:\/\/www.facebook.com\/AfriqueNM\" \/>\n<meta property=\"article:modified_time\" content=\"2026-04-10T17:15:53+00:00\" \/>\n<meta property=\"og:image\" content=\"http:\/\/www.afriquenouvellemusique.org\/site\/wp-content\/uploads\/2020\/06\/38970_418931216282_356440_n.jpg\" \/>\n<meta name=\"twitter:card\" content=\"summary_large_image\" \/>\n<meta name=\"twitter:label1\" content=\"Dur\u00e9e de lecture estim\u00e9e\" \/>\n\t<meta name=\"twitter:data1\" content=\"3 minutes\" \/>\n<script type=\"application\/ld+json\" class=\"yoast-schema-graph\">{\"@context\":\"https:\\\/\\\/schema.org\",\"@graph\":[{\"@type\":\"WebPage\",\"@id\":\"http:\\\/\\\/www.afriquenouvellemusique.org\\\/site\\\/fr\\\/about\\\/\",\"url\":\"http:\\\/\\\/www.afriquenouvellemusique.org\\\/site\\\/fr\\\/about\\\/\",\"name\":\"\u00c0 propos -\",\"isPartOf\":{\"@id\":\"http:\\\/\\\/www.afriquenouvellemusique.org\\\/site\\\/fr\\\/#website\"},\"primaryImageOfPage\":{\"@id\":\"http:\\\/\\\/www.afriquenouvellemusique.org\\\/site\\\/fr\\\/about\\\/#primaryimage\"},\"image\":{\"@id\":\"http:\\\/\\\/www.afriquenouvellemusique.org\\\/site\\\/fr\\\/about\\\/#primaryimage\"},\"thumbnailUrl\":\"http:\\\/\\\/www.afriquenouvellemusique.org\\\/site\\\/wp-content\\\/uploads\\\/2020\\\/06\\\/38970_418931216282_356440_n.jpg\",\"datePublished\":\"2019-10-30T19:37:49+00:00\",\"dateModified\":\"2026-04-10T17:15:53+00:00\",\"breadcrumb\":{\"@id\":\"http:\\\/\\\/www.afriquenouvellemusique.org\\\/site\\\/fr\\\/about\\\/#breadcrumb\"},\"inLanguage\":\"fr-FR\",\"potentialAction\":[{\"@type\":\"ReadAction\",\"target\":[[\"http:\\\/\\\/www.afriquenouvellemusique.org\\\/site\\\/fr\\\/about\\\/\"]]}]},{\"@type\":\"ImageObject\",\"inLanguage\":\"fr-FR\",\"@id\":\"http:\\\/\\\/www.afriquenouvellemusique.org\\\/site\\\/fr\\\/about\\\/#primaryimage\",\"url\":\"http:\\\/\\\/www.afriquenouvellemusique.org\\\/site\\\/wp-content\\\/uploads\\\/2020\\\/06\\\/38970_418931216282_356440_n.jpg\",\"contentUrl\":\"http:\\\/\\\/www.afriquenouvellemusique.org\\\/site\\\/wp-content\\\/uploads\\\/2020\\\/06\\\/38970_418931216282_356440_n.jpg\"},{\"@type\":\"BreadcrumbList\",\"@id\":\"http:\\\/\\\/www.afriquenouvellemusique.org\\\/site\\\/fr\\\/about\\\/#breadcrumb\",\"itemListElement\":[{\"@type\":\"ListItem\",\"position\":1,\"name\":\"Home\",\"item\":\"http:\\\/\\\/www.afriquenouvellemusique.org\\\/site\\\/fr\\\/\"},{\"@type\":\"ListItem\",\"position\":2,\"name\":\"\u00c0 propos\"}]},{\"@type\":\"WebSite\",\"@id\":\"http:\\\/\\\/www.afriquenouvellemusique.org\\\/site\\\/fr\\\/#website\",\"url\":\"http:\\\/\\\/www.afriquenouvellemusique.org\\\/site\\\/fr\\\/\",\"name\":\"\",\"description\":\"\",\"publisher\":{\"@id\":\"http:\\\/\\\/www.afriquenouvellemusique.org\\\/site\\\/fr\\\/#organization\"},\"potentialAction\":[{\"@type\":\"SearchAction\",\"target\":{\"@type\":\"EntryPoint\",\"urlTemplate\":\"http:\\\/\\\/www.afriquenouvellemusique.org\\\/site\\\/fr\\\/?s={search_term_string}\"},\"query-input\":{\"@type\":\"PropertyValueSpecification\",\"valueRequired\":true,\"valueName\":\"search_term_string\"}}],\"inLanguage\":\"fr-FR\"},{\"@type\":\"Organization\",\"@id\":\"http:\\\/\\\/www.afriquenouvellemusique.org\\\/site\\\/fr\\\/#organization\",\"name\":\"Afrique Nouvelle Musique\",\"url\":\"http:\\\/\\\/www.afriquenouvellemusique.org\\\/site\\\/fr\\\/\",\"logo\":{\"@type\":\"ImageObject\",\"inLanguage\":\"fr-FR\",\"@id\":\"http:\\\/\\\/www.afriquenouvellemusique.org\\\/site\\\/fr\\\/#\\\/schema\\\/logo\\\/image\\\/\",\"url\":\"http:\\\/\\\/www.afriquenouvellemusique.org\\\/site\\\/wp-content\\\/uploads\\\/2020\\\/06\\\/logo.png\",\"contentUrl\":\"http:\\\/\\\/www.afriquenouvellemusique.org\\\/site\\\/wp-content\\\/uploads\\\/2020\\\/06\\\/logo.png\",\"width\":1663,\"height\":1749,\"caption\":\"Afrique Nouvelle Musique\"},\"image\":{\"@id\":\"http:\\\/\\\/www.afriquenouvellemusique.org\\\/site\\\/fr\\\/#\\\/schema\\\/logo\\\/image\\\/\"},\"sameAs\":[\"https:\\\/\\\/www.facebook.com\\\/AfriqueNM\"]}]}<\/script>\n<!-- \/ Yoast SEO plugin. -->","yoast_head_json":{"title":"\u00c0 propos -","robots":{"index":"index","follow":"follow","max-snippet":"max-snippet:-1","max-image-preview":"max-image-preview:large","max-video-preview":"max-video-preview:-1"},"canonical":"http:\/\/www.afriquenouvellemusique.org\/site\/fr\/about\/","og_locale":"fr_FR","og_type":"article","og_title":"\u00c0 propos -","og_description":"Depuis 1993, Afrique Nouvelle Musique fa\u00e7onne et fait rayonner une francophonie artistique vibrante au c\u0153ur de Toronto.\u2028Ancr\u00e9e dans la diversit\u00e9, l\u2019organisation r\u00e9v\u00e8le [&hellip;]","og_url":"http:\/\/www.afriquenouvellemusique.org\/site\/fr\/about\/","article_publisher":"https:\/\/www.facebook.com\/AfriqueNM","article_modified_time":"2026-04-10T17:15:53+00:00","og_image":[{"url":"http:\/\/www.afriquenouvellemusique.org\/site\/wp-content\/uploads\/2020\/06\/38970_418931216282_356440_n.jpg","type":"","width":"","height":""}],"twitter_card":"summary_large_image","twitter_misc":{"Dur\u00e9e de lecture estim\u00e9e":"3 minutes"},"schema":{"@context":"https:\/\/schema.org","@graph":[{"@type":"WebPage","@id":"http:\/\/www.afriquenouvellemusique.org\/site\/fr\/about\/","url":"http:\/\/www.afriquenouvellemusique.org\/site\/fr\/about\/","name":"\u00c0 propos -","isPartOf":{"@id":"http:\/\/www.afriquenouvellemusique.org\/site\/fr\/#website"},"primaryImageOfPage":{"@id":"http:\/\/www.afriquenouvellemusique.org\/site\/fr\/about\/#primaryimage"},"image":{"@id":"http:\/\/www.afriquenouvellemusique.org\/site\/fr\/about\/#primaryimage"},"thumbnailUrl":"http:\/\/www.afriquenouvellemusique.org\/site\/wp-content\/uploads\/2020\/06\/38970_418931216282_356440_n.jpg","datePublished":"2019-10-30T19:37:49+00:00","dateModified":"2026-04-10T17:15:53+00:00","breadcrumb":{"@id":"http:\/\/www.afriquenouvellemusique.org\/site\/fr\/about\/#breadcrumb"},"inLanguage":"fr-FR","potentialAction":[{"@type":"ReadAction","target":[["http:\/\/www.afriquenouvellemusique.org\/site\/fr\/about\/"]]}]},{"@type":"ImageObject","inLanguage":"fr-FR","@id":"http:\/\/www.afriquenouvellemusique.org\/site\/fr\/about\/#primaryimage","url":"http:\/\/www.afriquenouvellemusique.org\/site\/wp-content\/uploads\/2020\/06\/38970_418931216282_356440_n.jpg","contentUrl":"http:\/\/www.afriquenouvellemusique.org\/site\/wp-content\/uploads\/2020\/06\/38970_418931216282_356440_n.jpg"},{"@type":"BreadcrumbList","@id":"http:\/\/www.afriquenouvellemusique.org\/site\/fr\/about\/#breadcrumb","itemListElement":[{"@type":"ListItem","position":1,"name":"Home","item":"http:\/\/www.afriquenouvellemusique.org\/site\/fr\/"},{"@type":"ListItem","position":2,"name":"\u00c0 propos"}]},{"@type":"WebSite","@id":"http:\/\/www.afriquenouvellemusique.org\/site\/fr\/#website","url":"http:\/\/www.afriquenouvellemusique.org\/site\/fr\/","name":"","description":"","publisher":{"@id":"http:\/\/www.afriquenouvellemusique.org\/site\/fr\/#organization"},"potentialAction":[{"@type":"SearchAction","target":{"@type":"EntryPoint","urlTemplate":"http:\/\/www.afriquenouvellemusique.org\/site\/fr\/?s={search_term_string}"},"query-input":{"@type":"PropertyValueSpecification","valueRequired":true,"valueName":"search_term_string"}}],"inLanguage":"fr-FR"},{"@type":"Organization","@id":"http:\/\/www.afriquenouvellemusique.org\/site\/fr\/#organization","name":"Afrique Nouvelle Musique","url":"http:\/\/www.afriquenouvellemusique.org\/site\/fr\/","logo":{"@type":"ImageObject","inLanguage":"fr-FR","@id":"http:\/\/www.afriquenouvellemusique.org\/site\/fr\/#\/schema\/logo\/image\/","url":"http:\/\/www.afriquenouvellemusique.org\/site\/wp-content\/uploads\/2020\/06\/logo.png","contentUrl":"http:\/\/www.afriquenouvellemusique.org\/site\/wp-content\/uploads\/2020\/06\/logo.png","width":1663,"height":1749,"caption":"Afrique Nouvelle Musique"},"image":{"@id":"http:\/\/www.afriquenouvellemusique.org\/site\/fr\/#\/schema\/logo\/image\/"},"sameAs":["https:\/\/www.facebook.com\/AfriqueNM"]}]}},"_links":{"self":[{"href":"http:\/\/www.afriquenouvellemusique.org\/site\/fr\/wp-json\/wp\/v2\/pages\/361","targetHints":{"allow":["GET"]}}],"collection":[{"href":"http:\/\/www.afriquenouvellemusique.org\/site\/fr\/wp-json\/wp\/v2\/pages"}],"about":[{"href":"http:\/\/www.afriquenouvellemusique.org\/site\/fr\/wp-json\/wp\/v2\/types\/page"}],"author":[{"embeddable":true,"href":"http:\/\/www.afriquenouvellemusique.org\/site\/fr\/wp-json\/wp\/v2\/users\/1"}],"replies":[{"embeddable":true,"href":"http:\/\/www.afriquenouvellemusique.org\/site\/fr\/wp-json\/wp\/v2\/comments?post=361"}],"version-history":[{"count":58,"href":"http:\/\/www.afriquenouvellemusique.org\/site\/fr\/wp-json\/wp\/v2\/pages\/361\/revisions"}],"predecessor-version":[{"id":5482,"href":"http:\/\/www.afriquenouvellemusique.org\/site\/fr\/wp-json\/wp\/v2\/pages\/361\/revisions\/5482"}],"wp:attachment":[{"href":"http:\/\/www.afriquenouvellemusique.org\/site\/fr\/wp-json\/wp\/v2\/media?parent=361"}],"curies":[{"name":"wp","href":"https:\/\/api.w.org\/{rel}","templated":true}]}}