{"id":2895,"date":"2020-06-25T02:48:29","date_gmt":"2020-06-25T02:48:29","guid":{"rendered":"http:\/\/www.afriquenouvellemusique.org\/site\/?page_id=2895"},"modified":"2025-10-03T17:22:57","modified_gmt":"2025-10-03T17:22:57","slug":"francais-benevolat","status":"publish","type":"page","link":"http:\/\/www.afriquenouvellemusique.org\/site\/fr\/francais-benevolat\/","title":{"rendered":"B\u00e9n\u00e9volat"},"content":{"rendered":"\t\t<div data-elementor-type=\"wp-page\" data-elementor-id=\"2895\" class=\"elementor elementor-2895\">\n\t\t\t\t\t\t<section class=\"elementor-section elementor-top-section elementor-element elementor-element-6e851af animated-slow elementor-section-boxed elementor-section-height-default elementor-section-height-default elementor-invisible\" data-id=\"6e851af\" data-element_type=\"section\" data-e-type=\"section\" data-settings=\"{&quot;animation&quot;:&quot;fadeInUp&quot;}\">\n\t\t\t\t\t\t<div class=\"elementor-container elementor-column-gap-default\">\n\t\t\t\t\t<div class=\"elementor-column elementor-col-100 elementor-top-column elementor-element elementor-element-7e26db7\" data-id=\"7e26db7\" data-element_type=\"column\" data-e-type=\"column\">\n\t\t\t<div class=\"elementor-widget-wrap elementor-element-populated\">\n\t\t\t\t\t\t<div class=\"elementor-element elementor-element-f117a9b elementor-widget elementor-widget-text-editor\" data-id=\"f117a9b\" data-element_type=\"widget\" data-e-type=\"widget\" data-widget_type=\"text-editor.default\">\n\t\t\t\t<div class=\"elementor-widget-container\">\n\t\t\t\t\t\t\t\t\t<p><img decoding=\"async\" class=\"size-full wp-image-2948 alignleft\" src=\"http:\/\/www.afriquenouvellemusique.org\/site\/wp-content\/uploads\/2020\/06\/Volunteer.png\" alt=\"afrique nouvelle musique africa new music toronto canada art arts african congo congolese arthur tongo thomas tumbu festival bana y'afrique\" width=\"200\" height=\"100\" \/>Afrique Nouvelle Musique fait appel \u00e0 des b\u00e9n\u00e9voles annuellement pour r\u00e9aliser ses diverses activit\u00e9s : les festivals, la s\u00e9rie de spectacles, le mois de l\u2019histoire des noirs \u2026<\/p><p>Afrique Nouvelle Musique offre plus d\u2019une opportunit\u00e9 de b\u00e9n\u00e9volat que cela soit au Conseil d\u2019Administration, sur des comit\u00e9s ou lors de la tenue d\u2019activit\u00e9s telles que les festivals, les concerts, les spectacles, le mois de l\u2019histoire des Noirs, \u2026<\/p><p><\/p>\t\t\t\t\t\t\t\t<\/div>\n\t\t\t\t<\/div>\n\t\t\t\t\t<\/div>\n\t\t<\/div>\n\t\t\t\t\t<\/div>\n\t\t<\/section>\n\t\t\t\t<section class=\"elementor-section elementor-top-section elementor-element elementor-element-e1b3f41 animated-slow elementor-section-boxed elementor-section-height-default elementor-section-height-default elementor-invisible\" data-id=\"e1b3f41\" data-element_type=\"section\" data-e-type=\"section\" data-settings=\"{&quot;animation&quot;:&quot;fadeInUp&quot;}\">\n\t\t\t\t\t\t<div class=\"elementor-container elementor-column-gap-default\">\n\t\t\t\t\t<div class=\"elementor-column elementor-col-50 elementor-top-column elementor-element elementor-element-917042f\" data-id=\"917042f\" data-element_type=\"column\" data-e-type=\"column\" data-settings=\"{&quot;background_background&quot;:&quot;classic&quot;}\">\n\t\t\t<div class=\"elementor-widget-wrap elementor-element-populated\">\n\t\t\t\t\t\t<div class=\"elementor-element elementor-element-2b0141b elementor-view-stacked elementor-shape-square elementor-widget elementor-widget-icon\" data-id=\"2b0141b\" data-element_type=\"widget\" data-e-type=\"widget\" data-widget_type=\"icon.default\">\n\t\t\t\t<div class=\"elementor-widget-container\">\n\t\t\t\t\t\t\t<div class=\"elementor-icon-wrapper\">\n\t\t\t<div class=\"elementor-icon\">\n\t\t\t<i aria-hidden=\"true\" class=\"fas fa-star\"><\/i>\t\t\t<\/div>\n\t\t<\/div>\n\t\t\t\t\t\t<\/div>\n\t\t\t\t<\/div>\n\t\t\t\t<div class=\"elementor-element elementor-element-8e294e3 elementor-widget elementor-widget-text-editor\" data-id=\"8e294e3\" data-element_type=\"widget\" data-e-type=\"widget\" data-widget_type=\"text-editor.default\">\n\t\t\t\t<div class=\"elementor-widget-container\">\n\t\t\t\t\t\t\t\t\t<h3>Le b\u00e9n\u00e9volat \u00e0 Afrique Nouvelle Musique aide \u00e0 :<\/h3><ul><li>acqu\u00e9rir une exp\u00e9rience de travail au Canada<\/li><li>se familiariser avec les milieux du travail canadiens<\/li><li>pratiquer son fran\u00e7ais et son anglais<\/li><li>se faire des amis et des connaissances<\/li><li>\u00e9largir son r\u00e9seau de contacts<\/li><li>vivre une belle exp\u00e9rience dans le milieu des arts<\/li><li>obtenir des r\u00e9f\u00e9rences au Canada<\/li><li>rencontrer des artistes d\u2019ici et d\u2019ailleurs<\/li><li>entendre parler de possibilit\u00e9s d\u2019emploi<\/li><li>assumer de nouvelles responsabilit\u00e9s<\/li><li>d\u00e9velopper de nouvelles comp\u00e9tences<\/li><\/ul><p><\/p>\t\t\t\t\t\t\t\t<\/div>\n\t\t\t\t<\/div>\n\t\t\t\t\t<\/div>\n\t\t<\/div>\n\t\t\t\t<div class=\"elementor-column elementor-col-50 elementor-top-column elementor-element elementor-element-9a216cb\" data-id=\"9a216cb\" data-element_type=\"column\" data-e-type=\"column\" data-settings=\"{&quot;background_background&quot;:&quot;classic&quot;}\">\n\t\t\t<div class=\"elementor-widget-wrap elementor-element-populated\">\n\t\t\t\t\t\t<div class=\"elementor-element elementor-element-ec2bb7c elementor-view-stacked elementor-shape-square elementor-widget elementor-widget-icon\" data-id=\"ec2bb7c\" data-element_type=\"widget\" data-e-type=\"widget\" data-widget_type=\"icon.default\">\n\t\t\t\t<div class=\"elementor-widget-container\">\n\t\t\t\t\t\t\t<div class=\"elementor-icon-wrapper\">\n\t\t\t<div class=\"elementor-icon\">\n\t\t\t<i aria-hidden=\"true\" class=\"fas fa-star\"><\/i>\t\t\t<\/div>\n\t\t<\/div>\n\t\t\t\t\t\t<\/div>\n\t\t\t\t<\/div>\n\t\t\t\t<div class=\"elementor-element elementor-element-49c8269 elementor-widget elementor-widget-text-editor\" data-id=\"49c8269\" data-element_type=\"widget\" data-e-type=\"widget\" data-widget_type=\"text-editor.default\">\n\t\t\t\t<div class=\"elementor-widget-container\">\n\t\t\t\t\t\t\t\t\t<h3>Le b\u00e9n\u00e9volat \u00e0 Afrique Nouvelle Musique peut aussi ouvrir la porte \u00e0 un emploi r\u00e9mun\u00e9r\u00e9.<\/h3><p>La plupart des employeurs poseront des questions sur l\u2019exp\u00e9rience de travail au Canada.<\/p><p>Il pourrait arriver que l\u2019on n\u2019embauche pas \u00e0 cause de ce manque d\u2019exp\u00e9rience, m\u00eame si les personnes ont les comp\u00e9tences requises. Le travail b\u00e9n\u00e9vole est une excellente fa\u00e7on d\u2019acqu\u00e9rir une exp\u00e9rience canadienne et de rencontrer des gens qui pourront vous servir de r\u00e9f\u00e9rences.<\/p><p>Un nombre croissant d\u2019employeurs consid\u00e8re le b\u00e9n\u00e9volat comme une partie valable des ant\u00e9c\u00e9dents professionnels des candidat(e)s<\/p><p><\/p>\t\t\t\t\t\t\t\t<\/div>\n\t\t\t\t<\/div>\n\t\t\t\t\t<\/div>\n\t\t<\/div>\n\t\t\t\t\t<\/div>\n\t\t<\/section>\n\t\t\t\t<section class=\"elementor-section elementor-top-section elementor-element elementor-element-4bb3217 animated-slow elementor-section-boxed elementor-section-height-default elementor-section-height-default elementor-invisible\" data-id=\"4bb3217\" data-element_type=\"section\" data-e-type=\"section\" data-settings=\"{&quot;animation&quot;:&quot;fadeInUp&quot;}\">\n\t\t\t\t\t\t<div class=\"elementor-container elementor-column-gap-default\">\n\t\t\t\t\t<div class=\"elementor-column elementor-col-100 elementor-top-column elementor-element elementor-element-a6742b4\" data-id=\"a6742b4\" data-element_type=\"column\" data-e-type=\"column\">\n\t\t\t<div class=\"elementor-widget-wrap elementor-element-populated\">\n\t\t\t\t\t\t<div class=\"elementor-element elementor-element-1cd4fd1 elementor-widget elementor-widget-text-editor\" data-id=\"1cd4fd1\" data-element_type=\"widget\" data-e-type=\"widget\" data-widget_type=\"text-editor.default\">\n\t\t\t\t<div class=\"elementor-widget-container\">\n\t\t\t\t\t\t\t\t\t<h5>Afrique Nouvelle Musique est toujours \u00e0 la recherche de personnes int\u00e9ress\u00e9es \u00e0 si\u00e9ger au conseil d\u2019administration ou \u00e0 ses divers comit\u00e9s tout au long de l\u2019ann\u00e9e.<\/h5><h3><a href=\"http:\/\/afriquenouvellemusique.org\/site\/contact-2\/\">Contactez-nous<\/a> pour rejoindre\u00a0l\u2019\u00e9quipe d\u2019Afrique Nouvelle Musique<\/h3><p><\/p>\t\t\t\t\t\t\t\t<\/div>\n\t\t\t\t<\/div>\n\t\t\t\t\t<\/div>\n\t\t<\/div>\n\t\t\t\t\t<\/div>\n\t\t<\/section>\n\t\t\t\t<\/div>\n\t\t","protected":false},"excerpt":{"rendered":"<p>Afrique Nouvelle Musique fait appel des bnvoles annuellement pour raliser ses diverses activits : les festivals, la srie de spectacles, le mois [&hellip;]<\/p>\n","protected":false},"author":1,"featured_media":2948,"parent":0,"menu_order":0,"comment_status":"closed","ping_status":"closed","template":"page-templates\/page_fullwidth.php","meta":{"footnotes":""},"class_list":["post-2895","page","type-page","status-publish","has-post-thumbnail","hentry"],"yoast_head":"<!-- This site is optimized with the Yoast SEO plugin v27.4 - https:\/\/yoast.com\/product\/yoast-seo-wordpress\/ -->\n<title>B\u00e9n\u00e9volat -<\/title>\n<meta name=\"robots\" content=\"index, follow, max-snippet:-1, max-image-preview:large, max-video-preview:-1\" \/>\n<link rel=\"canonical\" href=\"http:\/\/www.afriquenouvellemusique.org\/site\/fr\/francais-benevolat\/\" \/>\n<meta property=\"og:locale\" content=\"fr_FR\" \/>\n<meta property=\"og:type\" content=\"article\" \/>\n<meta property=\"og:title\" content=\"B\u00e9n\u00e9volat -\" \/>\n<meta property=\"og:description\" content=\"Afrique Nouvelle Musique fait appel des bnvoles annuellement pour raliser ses diverses activits : les festivals, la srie de spectacles, le mois [&hellip;]\" \/>\n<meta property=\"og:url\" content=\"http:\/\/www.afriquenouvellemusique.org\/site\/fr\/francais-benevolat\/\" \/>\n<meta property=\"article:publisher\" content=\"https:\/\/www.facebook.com\/AfriqueNM\" \/>\n<meta property=\"article:modified_time\" content=\"2025-10-03T17:22:57+00:00\" \/>\n<meta property=\"og:image\" content=\"http:\/\/www.afriquenouvellemusique.org\/site\/wp-content\/uploads\/2020\/06\/Volunteer.png\" \/>\n\t<meta property=\"og:image:width\" content=\"200\" \/>\n\t<meta property=\"og:image:height\" content=\"100\" \/>\n\t<meta property=\"og:image:type\" content=\"image\/png\" \/>\n<meta name=\"twitter:card\" content=\"summary_large_image\" \/>\n<meta name=\"twitter:label1\" content=\"Dur\u00e9e de lecture estim\u00e9e\" \/>\n\t<meta name=\"twitter:data1\" content=\"2 minutes\" \/>\n<script type=\"application\/ld+json\" class=\"yoast-schema-graph\">{\"@context\":\"https:\\\/\\\/schema.org\",\"@graph\":[{\"@type\":\"WebPage\",\"@id\":\"http:\\\/\\\/www.afriquenouvellemusique.org\\\/site\\\/fr\\\/francais-benevolat\\\/\",\"url\":\"http:\\\/\\\/www.afriquenouvellemusique.org\\\/site\\\/fr\\\/francais-benevolat\\\/\",\"name\":\"B\u00e9n\u00e9volat -\",\"isPartOf\":{\"@id\":\"http:\\\/\\\/www.afriquenouvellemusique.org\\\/site\\\/fr\\\/#website\"},\"primaryImageOfPage\":{\"@id\":\"http:\\\/\\\/www.afriquenouvellemusique.org\\\/site\\\/fr\\\/francais-benevolat\\\/#primaryimage\"},\"image\":{\"@id\":\"http:\\\/\\\/www.afriquenouvellemusique.org\\\/site\\\/fr\\\/francais-benevolat\\\/#primaryimage\"},\"thumbnailUrl\":\"http:\\\/\\\/www.afriquenouvellemusique.org\\\/site\\\/wp-content\\\/uploads\\\/2020\\\/06\\\/Volunteer.png\",\"datePublished\":\"2020-06-25T02:48:29+00:00\",\"dateModified\":\"2025-10-03T17:22:57+00:00\",\"breadcrumb\":{\"@id\":\"http:\\\/\\\/www.afriquenouvellemusique.org\\\/site\\\/fr\\\/francais-benevolat\\\/#breadcrumb\"},\"inLanguage\":\"fr-FR\",\"potentialAction\":[{\"@type\":\"ReadAction\",\"target\":[[\"http:\\\/\\\/www.afriquenouvellemusique.org\\\/site\\\/fr\\\/francais-benevolat\\\/\"]]}]},{\"@type\":\"ImageObject\",\"inLanguage\":\"fr-FR\",\"@id\":\"http:\\\/\\\/www.afriquenouvellemusique.org\\\/site\\\/fr\\\/francais-benevolat\\\/#primaryimage\",\"url\":\"http:\\\/\\\/www.afriquenouvellemusique.org\\\/site\\\/wp-content\\\/uploads\\\/2020\\\/06\\\/Volunteer.png\",\"contentUrl\":\"http:\\\/\\\/www.afriquenouvellemusique.org\\\/site\\\/wp-content\\\/uploads\\\/2020\\\/06\\\/Volunteer.png\",\"width\":200,\"height\":100,\"caption\":\"afrique nouvelle musique africa new music toronto canada art arts african congo congolese arthur tongo thomas tumbu festival bana y'afrique\"},{\"@type\":\"BreadcrumbList\",\"@id\":\"http:\\\/\\\/www.afriquenouvellemusique.org\\\/site\\\/fr\\\/francais-benevolat\\\/#breadcrumb\",\"itemListElement\":[{\"@type\":\"ListItem\",\"position\":1,\"name\":\"Home\",\"item\":\"http:\\\/\\\/www.afriquenouvellemusique.org\\\/site\\\/fr\\\/\"},{\"@type\":\"ListItem\",\"position\":2,\"name\":\"B\u00e9n\u00e9volat\"}]},{\"@type\":\"WebSite\",\"@id\":\"http:\\\/\\\/www.afriquenouvellemusique.org\\\/site\\\/fr\\\/#website\",\"url\":\"http:\\\/\\\/www.afriquenouvellemusique.org\\\/site\\\/fr\\\/\",\"name\":\"\",\"description\":\"\",\"publisher\":{\"@id\":\"http:\\\/\\\/www.afriquenouvellemusique.org\\\/site\\\/fr\\\/#organization\"},\"potentialAction\":[{\"@type\":\"SearchAction\",\"target\":{\"@type\":\"EntryPoint\",\"urlTemplate\":\"http:\\\/\\\/www.afriquenouvellemusique.org\\\/site\\\/fr\\\/?s={search_term_string}\"},\"query-input\":{\"@type\":\"PropertyValueSpecification\",\"valueRequired\":true,\"valueName\":\"search_term_string\"}}],\"inLanguage\":\"fr-FR\"},{\"@type\":\"Organization\",\"@id\":\"http:\\\/\\\/www.afriquenouvellemusique.org\\\/site\\\/fr\\\/#organization\",\"name\":\"Afrique Nouvelle Musique\",\"url\":\"http:\\\/\\\/www.afriquenouvellemusique.org\\\/site\\\/fr\\\/\",\"logo\":{\"@type\":\"ImageObject\",\"inLanguage\":\"fr-FR\",\"@id\":\"http:\\\/\\\/www.afriquenouvellemusique.org\\\/site\\\/fr\\\/#\\\/schema\\\/logo\\\/image\\\/\",\"url\":\"http:\\\/\\\/www.afriquenouvellemusique.org\\\/site\\\/wp-content\\\/uploads\\\/2020\\\/06\\\/logo.png\",\"contentUrl\":\"http:\\\/\\\/www.afriquenouvellemusique.org\\\/site\\\/wp-content\\\/uploads\\\/2020\\\/06\\\/logo.png\",\"width\":1663,\"height\":1749,\"caption\":\"Afrique Nouvelle Musique\"},\"image\":{\"@id\":\"http:\\\/\\\/www.afriquenouvellemusique.org\\\/site\\\/fr\\\/#\\\/schema\\\/logo\\\/image\\\/\"},\"sameAs\":[\"https:\\\/\\\/www.facebook.com\\\/AfriqueNM\"]}]}<\/script>\n<!-- \/ Yoast SEO plugin. -->","yoast_head_json":{"title":"B\u00e9n\u00e9volat -","robots":{"index":"index","follow":"follow","max-snippet":"max-snippet:-1","max-image-preview":"max-image-preview:large","max-video-preview":"max-video-preview:-1"},"canonical":"http:\/\/www.afriquenouvellemusique.org\/site\/fr\/francais-benevolat\/","og_locale":"fr_FR","og_type":"article","og_title":"B\u00e9n\u00e9volat -","og_description":"Afrique Nouvelle Musique fait appel des bnvoles annuellement pour raliser ses diverses activits : les festivals, la srie de spectacles, le mois [&hellip;]","og_url":"http:\/\/www.afriquenouvellemusique.org\/site\/fr\/francais-benevolat\/","article_publisher":"https:\/\/www.facebook.com\/AfriqueNM","article_modified_time":"2025-10-03T17:22:57+00:00","og_image":[{"width":200,"height":100,"url":"http:\/\/www.afriquenouvellemusique.org\/site\/wp-content\/uploads\/2020\/06\/Volunteer.png","type":"image\/png"}],"twitter_card":"summary_large_image","twitter_misc":{"Dur\u00e9e de lecture estim\u00e9e":"2 minutes"},"schema":{"@context":"https:\/\/schema.org","@graph":[{"@type":"WebPage","@id":"http:\/\/www.afriquenouvellemusique.org\/site\/fr\/francais-benevolat\/","url":"http:\/\/www.afriquenouvellemusique.org\/site\/fr\/francais-benevolat\/","name":"B\u00e9n\u00e9volat -","isPartOf":{"@id":"http:\/\/www.afriquenouvellemusique.org\/site\/fr\/#website"},"primaryImageOfPage":{"@id":"http:\/\/www.afriquenouvellemusique.org\/site\/fr\/francais-benevolat\/#primaryimage"},"image":{"@id":"http:\/\/www.afriquenouvellemusique.org\/site\/fr\/francais-benevolat\/#primaryimage"},"thumbnailUrl":"http:\/\/www.afriquenouvellemusique.org\/site\/wp-content\/uploads\/2020\/06\/Volunteer.png","datePublished":"2020-06-25T02:48:29+00:00","dateModified":"2025-10-03T17:22:57+00:00","breadcrumb":{"@id":"http:\/\/www.afriquenouvellemusique.org\/site\/fr\/francais-benevolat\/#breadcrumb"},"inLanguage":"fr-FR","potentialAction":[{"@type":"ReadAction","target":[["http:\/\/www.afriquenouvellemusique.org\/site\/fr\/francais-benevolat\/"]]}]},{"@type":"ImageObject","inLanguage":"fr-FR","@id":"http:\/\/www.afriquenouvellemusique.org\/site\/fr\/francais-benevolat\/#primaryimage","url":"http:\/\/www.afriquenouvellemusique.org\/site\/wp-content\/uploads\/2020\/06\/Volunteer.png","contentUrl":"http:\/\/www.afriquenouvellemusique.org\/site\/wp-content\/uploads\/2020\/06\/Volunteer.png","width":200,"height":100,"caption":"afrique nouvelle musique africa new music toronto canada art arts african congo congolese arthur tongo thomas tumbu festival bana y'afrique"},{"@type":"BreadcrumbList","@id":"http:\/\/www.afriquenouvellemusique.org\/site\/fr\/francais-benevolat\/#breadcrumb","itemListElement":[{"@type":"ListItem","position":1,"name":"Home","item":"http:\/\/www.afriquenouvellemusique.org\/site\/fr\/"},{"@type":"ListItem","position":2,"name":"B\u00e9n\u00e9volat"}]},{"@type":"WebSite","@id":"http:\/\/www.afriquenouvellemusique.org\/site\/fr\/#website","url":"http:\/\/www.afriquenouvellemusique.org\/site\/fr\/","name":"","description":"","publisher":{"@id":"http:\/\/www.afriquenouvellemusique.org\/site\/fr\/#organization"},"potentialAction":[{"@type":"SearchAction","target":{"@type":"EntryPoint","urlTemplate":"http:\/\/www.afriquenouvellemusique.org\/site\/fr\/?s={search_term_string}"},"query-input":{"@type":"PropertyValueSpecification","valueRequired":true,"valueName":"search_term_string"}}],"inLanguage":"fr-FR"},{"@type":"Organization","@id":"http:\/\/www.afriquenouvellemusique.org\/site\/fr\/#organization","name":"Afrique Nouvelle Musique","url":"http:\/\/www.afriquenouvellemusique.org\/site\/fr\/","logo":{"@type":"ImageObject","inLanguage":"fr-FR","@id":"http:\/\/www.afriquenouvellemusique.org\/site\/fr\/#\/schema\/logo\/image\/","url":"http:\/\/www.afriquenouvellemusique.org\/site\/wp-content\/uploads\/2020\/06\/logo.png","contentUrl":"http:\/\/www.afriquenouvellemusique.org\/site\/wp-content\/uploads\/2020\/06\/logo.png","width":1663,"height":1749,"caption":"Afrique Nouvelle Musique"},"image":{"@id":"http:\/\/www.afriquenouvellemusique.org\/site\/fr\/#\/schema\/logo\/image\/"},"sameAs":["https:\/\/www.facebook.com\/AfriqueNM"]}]}},"_links":{"self":[{"href":"http:\/\/www.afriquenouvellemusique.org\/site\/fr\/wp-json\/wp\/v2\/pages\/2895","targetHints":{"allow":["GET"]}}],"collection":[{"href":"http:\/\/www.afriquenouvellemusique.org\/site\/fr\/wp-json\/wp\/v2\/pages"}],"about":[{"href":"http:\/\/www.afriquenouvellemusique.org\/site\/fr\/wp-json\/wp\/v2\/types\/page"}],"author":[{"embeddable":true,"href":"http:\/\/www.afriquenouvellemusique.org\/site\/fr\/wp-json\/wp\/v2\/users\/1"}],"replies":[{"embeddable":true,"href":"http:\/\/www.afriquenouvellemusique.org\/site\/fr\/wp-json\/wp\/v2\/comments?post=2895"}],"version-history":[{"count":17,"href":"http:\/\/www.afriquenouvellemusique.org\/site\/fr\/wp-json\/wp\/v2\/pages\/2895\/revisions"}],"predecessor-version":[{"id":5313,"href":"http:\/\/www.afriquenouvellemusique.org\/site\/fr\/wp-json\/wp\/v2\/pages\/2895\/revisions\/5313"}],"wp:featuredmedia":[{"embeddable":true,"href":"http:\/\/www.afriquenouvellemusique.org\/site\/fr\/wp-json\/wp\/v2\/media\/2948"}],"wp:attachment":[{"href":"http:\/\/www.afriquenouvellemusique.org\/site\/fr\/wp-json\/wp\/v2\/media?parent=2895"}],"curies":[{"name":"wp","href":"https:\/\/api.w.org\/{rel}","templated":true}]}}